{"id":1755,"date":"2021-05-26T19:27:39","date_gmt":"2021-05-26T19:27:39","guid":{"rendered":"https:\/\/www.aknakate.ee\/ru\/?page_id=1755"},"modified":"2024-05-13T16:57:48","modified_gmt":"2024-05-13T16:57:48","slug":"moskitnaja-setka-na-dver","status":"publish","type":"page","link":"https:\/\/www.aknakate.ee\/ru\/produktsiya\/setki-ot-nasekomykh\/moskitnaja-setka-na-dver\/","title":{"rendered":"\u041c\u043e\u0441\u043a\u0438\u0442\u043d\u0430\u044f \u0441\u0435\u0442\u043a\u0430 \u043d\u0430 \u0434\u0432\u0435\u0440\u044c"},"content":{"rendered":"<table style=\"margin-bottom: 10px;\" width=\"500\" border=\"0\">\n<tbody>\n<tr>\n<td><a href=\"https:\/\/www.aknakate.ee\/ru\/produktsiya\/setki-ot-nasekomykh\/moskitnaja-setka-dlja-okna\/\">\u041c\u043e\u0441\u043a\u0438\u0442\u043d\u0430\u044f \u0441\u0435\u0442\u043a\u0430 \u0434\u043b\u044f \u043e\u043a\u043d\u0430<\/a><\/td>\n<td><span style=\"font-weight:bold;\">\u041c\u043e\u0441\u043a\u0438\u0442\u043d\u0430\u044f \u0441\u0435\u0442\u043a\u0430 \u043d\u0430 \u0434\u0432\u0435\u0440\u044c<\/span><\/td>\n<\/tr>\n<\/tbody>\n<\/table>\n<p><script type=\"text\/javascript\">\n\tjQuery(document).ready(function(){\t\n\t\tjQuery('#images-slider').cycle({ \n\t\t\tfx:      'growY', \/\/ transition type\n\t\t\tspeed:    600, \n\t\t\ttimeout:  5000,\n\t\t\tcleartype: false,   \/\/  Fixes the issue with IE6+\n\t\t\tstartingSlide: 0,\n\t\t\tnext: '#cycle-next',\n\t\t\tprev: '#cycle-prev'\n\t\t});\t\n\t});\t\t\t\n<\/script><\/p>\n<div id=\"featured\">\n<ul id=\"images-slider\">\n<li>\n\t\t\t<img loading=\"lazy\" src=\"\/wp-content\/uploads\/2011\/12\/15062011315.jpg\" width=\"600\" height=\"504\" alt=\"S\u00e4\u00e4sev\u00f5rk\" \/>\n\t\t<\/li>\n<li>\n\t\t\t<img loading=\"lazy\" src=\"\/wp-content\/uploads\/2011\/12\/15062011319.jpg\" width=\"600\" height=\"504\" alt=\"S\u00e4\u00e4sev\u00f5rk\" \/>\n\t\t<\/li>\n<li>\n\t\t\t<img loading=\"lazy\" src=\"\/wp-content\/uploads\/2012\/01\/Saasevork4.jpg\" width=\"600\" height=\"504\" alt=\"S\u00e4\u00e4sev\u00f5rk\" \/>\n\t\t<\/li>\n<li>\n\t\t\t<img loading=\"lazy\" src=\"\/wp-content\/uploads\/2017\/07\/IMG_7906.jpg\" width=\"600\" height=\"504\" alt=\"S\u00e4\u00e4sev\u00f5rk\" \/>\n\t\t<\/li>\n<li>\n\t\t\t<img loading=\"lazy\" src=\"\/wp-content\/uploads\/2017\/07\/IMG_79461.jpg\" width=\"600\" height=\"504\" alt=\"S\u00e4\u00e4sev\u00f5rk\" \/>\n\t\t<\/li>\n<li>\n\t\t\t<img loading=\"lazy\" src=\"\/wp-content\/uploads\/2017\/07\/IMG_8088.jpg\" width=\"600\" height=\"504\" alt=\"S\u00e4\u00e4sev\u00f5rk\" \/>\n\t\t<\/li>\n<li>\n\t\t\t<img loading=\"lazy\" src=\"\/wp-content\/uploads\/2018\/11\/IMG_2876-2.jpg\" width=\"600\" height=\"504\" alt=\"S\u00e4\u00e4sev\u00f5rk\" \/>\n\t\t<\/li>\n<li>\n\t\t\t<img loading=\"lazy\" src=\"\/wp-content\/uploads\/2018\/11\/IMG_2877.jpg\" width=\"600\" height=\"504\" alt=\"S\u00e4\u00e4sev\u00f5rk\" \/>\n\t\t<\/li>\n<li>\n\t\t\t<img loading=\"lazy\" src=\"\/wp-content\/uploads\/2018\/11\/IMG_2878.jpg\" width=\"600\" height=\"504\" alt=\"S\u00e4\u00e4sev\u00f5rk\" \/>\n\t\t<\/li>\n<li>\n\t\t\t<img loading=\"lazy\" src=\"\/wp-content\/uploads\/2018\/11\/IMG_2879.jpg\" width=\"600\" height=\"504\" alt=\"S\u00e4\u00e4sev\u00f5rk\" \/>\n\t\t<\/li>\n<li>\n\t\t\t<img loading=\"lazy\" src=\"\/wp-content\/uploads\/2018\/11\/IMG_2880.jpg\" width=\"600\" height=\"504\" alt=\"S\u00e4\u00e4sev\u00f5rk\" \/>\n\t\t<\/li>\n<li>\n\t\t\t<img loading=\"lazy\" src=\"\/wp-content\/uploads\/2018\/11\/moskitiery-6big.jpg\" width=\"600\" height=\"504\" alt=\"S\u00e4\u00e4sev\u00f5rk\" \/>\n\t\t<\/li>\n<li>\n\t\t\t<img loading=\"lazy\" src=\"\/wp-content\/uploads\/2018\/11\/moskitiery-8big2.jpg\" width=\"600\" height=\"504\" alt=\"S\u00e4\u00e4sev\u00f5rk\" \/>\n\t\t<\/li>\n<\/ul>\n<ul id=\"slider-cycle-nav\">\n<li><a id=\"cycle-prev\"><\/a><\/li>\n<li><a id=\"cycle-next\"><\/a><\/li>\n<\/ul>\n<\/div>\n<style>\n\t#images-slider {\n\t\theight: 400px;\n    \tlist-style: none outside none;\n    \tmargin-bottom: 0px;\n    \toverflow: hidden;\n    \twidth: 600px;\n\t}\n\t.caption {\n\t\tbackground: none repeat scroll 0 0 #252525;\n\t    top: 20px;\n\t    color: #747474;\n\t    left: 20px;\n\t    opacity: 0.7;\n\t    padding: 20px 20px 5px;\n\t    position: absolute;\n\t    width: 25%;\n\t\theight: 200px;\t\n\t}\n<\/style>\n<p>&nbsp;<\/p>\n<p>\u041c\u043e\u0441\u043a\u0438\u0442\u043d\u044b\u0435 \u0441\u0435\u0442\u043a\u0438 \u043e\u0431\u0435\u0441\u043f\u0435\u0447\u0438\u0432\u0430\u044e\u0442 \u044d\u0444\u0444\u0435\u043a\u0442\u0438\u0432\u043d\u0443\u044e \u0437\u0430\u0449\u0438\u0442\u0443 \u043e\u0442 \u043d\u0435\u043f\u0440\u0438\u044f\u0442\u043d\u044b\u0445 \u0438 \u043d\u0430\u0437\u043e\u0439\u043b\u0438\u0432\u044b\u0445 \u043d\u0430\u0441\u0435\u043a\u043e\u043c\u044b\u0445. \u0423\u0441\u0442\u0430\u043d\u043e\u0432\u043b\u0435\u043d\u043d\u044b\u0435 \u043d\u0430 \u0434\u0432\u0435\u0440\u043d\u043e\u0439 \u0440\u0430\u043c\u0435, \u043e\u043d\u0438 \u0441\u043b\u0443\u0436\u0430\u0442 \u0431\u0430\u0440\u044c\u0435\u0440\u043e\u043c \u043f\u0440\u043e\u0442\u0438\u0432 \u043f\u044b\u043b\u0438, \u043c\u0443\u0441\u043e\u0440\u0430 \u0438 \u043d\u0430\u0441\u0435\u043a\u043e\u043c\u044b\u0445, \u0441\u043e\u0437\u0434\u0430\u0432\u0430\u044f \u043d\u0430\u0434\u0435\u0436\u043d\u044b\u0439 \u0444\u0438\u043b\u044c\u0442\u0440 \u043c\u0435\u0436\u0434\u0443 \u0432\u043d\u0435\u0448\u043d\u0435\u0439 \u0441\u0440\u0435\u0434\u043e\u0439 \u0438 \u0432\u043d\u0443\u0442\u0440\u0435\u043d\u043d\u0438\u043c \u043f\u0440\u043e\u0441\u0442\u0440\u0430\u043d\u0441\u0442\u0432\u043e\u043c \u043f\u043e\u043c\u0435\u0449\u0435\u043d\u0438\u044f. \u0421\u0435\u0442\u043a\u0438 \u0438\u0437\u0433\u043e\u0442\u043e\u0432\u043b\u0435\u043d\u044b \u0438\u0437 \u043c\u0430\u0442\u0435\u0440\u0438\u0430\u043b\u043e\u0432, \u0443\u0441\u0442\u043e\u0439\u0447\u0438\u0432\u044b\u0445 \u043a \u0432\u043e\u0437\u0434\u0435\u0439\u0441\u0442\u0432\u0438\u044e \u0432\u043e\u0434\u044b, \u0441\u043e\u043b\u043d\u0435\u0447\u043d\u044b\u0445 \u043b\u0443\u0447\u0435\u0439 \u0438 \u0436\u0438\u0440\u0430, \u0447\u0442\u043e \u043f\u0440\u043e\u0434\u043b\u0435\u0432\u0430\u0435\u0442 \u0438\u0445 \u0441\u0440\u043e\u043a \u0441\u043b\u0443\u0436\u0431\u044b. \u041e\u0434\u043d\u0430\u043a\u043e \u043e\u043d\u0438 \u043c\u043e\u0433\u0443\u0442 \u0431\u044b\u0442\u044c \u043f\u043e\u0432\u0440\u0435\u0436\u0434\u0435\u043d\u044b \u043f\u0442\u0438\u0446\u0430\u043c\u0438, \u043a\u043e\u0442\u043e\u0440\u044b\u0435 \u0438\u043d\u043e\u0433\u0434\u0430 \u043f\u044b\u0442\u0430\u044e\u0442\u0441\u044f \u0434\u043e\u0431\u0440\u0430\u0442\u044c\u0441\u044f \u0434\u043e \u043a\u0443\u0441\u043e\u0447\u043a\u043e\u0432 \u043f\u0438\u0449\u0438 \u0438\u043b\u0438 \u0441\u0435\u043c\u044f\u043d, \u0437\u0430\u0441\u0442\u0440\u044f\u0432\u0448\u0438\u0445 \u0432 \u0442\u043a\u0430\u043d\u0438 \u0441\u0435\u0442\u043a\u0438. \u0414\u043b\u044f \u043f\u043e\u0434\u0434\u0435\u0440\u0436\u0430\u043d\u0438\u044f \u0441\u0435\u0442\u043a\u0438 \u0432 \u043e\u043f\u0442\u0438\u043c\u0430\u043b\u044c\u043d\u043e\u043c \u0441\u043e\u0441\u0442\u043e\u044f\u043d\u0438\u0438 \u0440\u0435\u043a\u043e\u043c\u0435\u043d\u0434\u0443\u0435\u0442\u0441\u044f \u043f\u0440\u043e\u0432\u043e\u0434\u0438\u0442\u044c \u0435\u0451 \u0447\u0438\u0441\u0442\u043a\u0443 \u0434\u0432\u0430\u0436\u0434\u044b \u0432 \u0433\u043e\u0434 \u2014 \u043e\u0441\u0435\u043d\u044c\u044e \u0438 \u0432\u0435\u0441\u043d\u043e\u0439.<\/p>\n<div class=\"pleatedTypes\">\n<div class=\"pleatedBlind blindsSample\">\n  <a rel=\"prettyPhoto[saasevork]\" href=\"\/wp-content\/uploads\/mosquito-nets\/saasevorgu-uks-hingedel.png\" title=\"\u041c\u043e\u0441\u043a\u0438\u0442\u043d\u0430\u044f \u0441\u0435\u0442\u043a\u0430 \u043d\u0430 \u043f\u0435\u0442\u043b\u044f\u0445\"><br \/>\n    <img src=\"\/wp-content\/uploads\/mosquito-nets\/saasevorgu-uks-hingedel-thumb.jpg\" class=\"box-img\" alt=\"\u041c\u043e\u0441\u043a\u0438\u0442\u043d\u0430\u044f \u0441\u0435\u0442\u043a\u0430 \u043d\u0430 \u043f\u0435\u0442\u043b\u044f\u0445\"><br \/>\n<span class=\"colorCode\">\u041c\u043e\u0441\u043a\u0438\u0442\u043d\u0430\u044f \u0441\u0435\u0442\u043a\u0430 \u043d\u0430 \u043f\u0435\u0442\u043b\u044f\u0445<\/span><br \/>\n  <\/a>\n<\/div>\n<div class=\"pleatedBlind blindsSample\">\n  <a rel=\"prettyPhoto[saasevork]\" href=\"\/wp-content\/uploads\/mosquito-nets\/saasevorgu-uks-raamiga.png\" title=\"\u041c\u043e\u0441\u043a\u0438\u0442\u043d\u0430\u044f \u0441\u0435\u0442\u043a\u0430 \u043d\u0430 \u0440\u0430\u043c\u0435\"><br \/>\n    <img src=\"\/wp-content\/uploads\/mosquito-nets\/saasevorgu-uks-raamiga-thumb.jpg\" class=\"box-img\" alt=\"\u041c\u043e\u0441\u043a\u0438\u0442\u043d\u0430\u044f \u0441\u0435\u0442\u043a\u0430 \u043d\u0430 \u0440\u0430\u043c\u0435 ><br \/>\n<span class=\"colorCode\">\u041c\u043e\u0441\u043a\u0438\u0442\u043d\u0430\u044f \u0441\u0435\u0442\u043a\u0430 \u043d\u0430 \u0440\u0430\u043c\u0435<\/span><br \/>\n  <\/a>\n<\/div>\n<div class=\"pleatedBlind blindsSample\">\n  <a rel=\"prettyPhoto[saasevork]\" href=\"\/wp-content\/uploads\/mosquito-nets\/voldiksaasevork.jpg\" title=\"\u0420\u0430\u0437\u0434\u0432\u0438\u0436\u043d\u0430\u044f \u043c\u043e\u0441\u043a\u0438\u0442\u043d\u0430\u044f \u0441\u0435\u0442\u043a\u0430\"><br \/>\n    <img src=\"\/wp-content\/uploads\/mosquito-nets\/voldiksaasevork-thumb.jpg\" class=\"box-img\" alt=\"\u0420\u0430\u0437\u0434\u0432\u0438\u0436\u043d\u0430\u044f \u043c\u043e\u0441\u043a\u0438\u0442\u043d\u0430\u044f \u0441\u0435\u0442\u043a\u0430\"><br \/>\n<span>\u0420\u0430\u0437\u0434\u0432\u0438\u0436\u043d\u0430\u044f \u043c\u043e\u0441\u043a\u0438\u0442\u043d\u0430\u044f \u0441\u0435\u0442\u043a\u0430<\/span><br \/>\n  <\/a>\n<\/div>\n<\/div>\n<p>\u041d\u0430\u0432\u0435\u0441\u043d\u0430\u044f \u043c\u043e\u0441\u043a\u0438\u0442\u043d\u0430\u044f \u0441\u0435\u0442\u043a\u0430: \u042d\u0442\u043e \u043f\u0440\u043e\u0441\u0442\u043e\u0435 \u0438 \u044d\u043a\u043e\u043d\u043e\u043c\u0438\u0447\u043d\u043e\u0435 \u0440\u0435\u0448\u0435\u043d\u0438\u0435, \u043a\u043e\u0442\u043e\u0440\u043e\u0435 \u043a\u0440\u0435\u043f\u0438\u0442\u0441\u044f \u0432\u0438\u043d\u0442\u043e\u043c \u043d\u0435\u043f\u043e\u0441\u0440\u0435\u0434\u0441\u0442\u0432\u0435\u043d\u043d\u043e \u043a \u0440\u0430\u043c\u0435. \u042d\u0442\u043e \u043f\u043e\u0437\u0432\u043e\u043b\u044f\u0435\u0442 \u043b\u0435\u0433\u043a\u043e \u0443\u0441\u0442\u0430\u043d\u0430\u0432\u043b\u0438\u0432\u0430\u0442\u044c \u0438 \u0441\u043d\u0438\u043c\u0430\u0442\u044c \u0441\u0435\u0442\u043a\u0443. \u0414\u043e\u0441\u0442\u0443\u043f\u043d\u044b\u0435 \u0440\u0430\u0437\u043c\u0435\u0440\u044b:<\/p>\n<ul style=\"margin-left:20px;margin-bottom:20px;\">\n<li>\u041c\u0430\u043a\u0441\u0438\u043c\u0430\u043b\u044c\u043d\u044b\u0439 \u0440\u0430\u0437\u043c\u0435\u0440: 120 \u0445 230 \u0441\u043c<\/li>\n<li>\u041c\u0438\u043d\u0438\u043c\u0430\u043b\u044c\u043d\u044b\u0439 \u0440\u0430\u0437\u043c\u0435\u0440: 50 \u0445 100 \u0441\u043c<\/li>\n<\/ul>\n<p>\u041c\u043e\u0441\u043a\u0438\u0442\u043d\u0430\u044f \u0441\u0435\u0442\u043a\u0430 \u043d\u0430 \u0440\u0430\u043c\u0435 \u0441 \u043c\u0430\u0433\u043d\u0438\u0442\u043d\u043e\u0439 \u0434\u0432\u0435\u0440\u044c\u044e: \u041e\u0441\u043d\u0430\u0449\u0435\u043d\u0430 \u0441\u0430\u043c\u043e\u0437\u0430\u043f\u0438\u0440\u0430\u044e\u0449\u0435\u0439\u0441\u044f \u0441\u0438\u0441\u0442\u0435\u043c\u043e\u0439, \u0441\u0440\u0430\u0431\u0430\u0442\u044b\u0432\u0430\u044e\u0449\u0435\u0439 \u043f\u0440\u0438 \u043d\u0430\u0436\u0430\u0442\u0438\u0438. \u041f\u043e\u0434\u0445\u043e\u0434\u0438\u0442 \u0434\u043b\u044f \u0443\u0441\u0442\u0430\u043d\u043e\u0432\u043a\u0438 \u0432 \u043b\u044e\u0431\u043e\u043c \u043f\u0440\u043e\u0435\u043c\u0435 \u043f\u043e \u0432\u0430\u0448\u0435\u043c\u0443 \u0432\u044b\u0431\u043e\u0440\u0443. \u0414\u043e\u0441\u0442\u0443\u043f\u043d\u044b\u0435 \u0440\u0430\u0437\u043c\u0435\u0440\u044b:<\/p>\n<ul style=\"margin-left:20px;margin-bottom:20px;\">\n<li>\u041c\u0430\u043a\u0441\u0438\u043c\u0430\u043b\u044c\u043d\u044b\u0439 \u0440\u0430\u0437\u043c\u0435\u0440: 130 \u0445 230 \u0441\u043c<\/li>\n<li>\u041c\u0438\u043d\u0438\u043c\u0430\u043b\u044c\u043d\u044b\u0439 \u0440\u0430\u0437\u043c\u0435\u0440: 50 \u0445 100 \u0441\u043c<\/li>\n<\/ul>\n<p>\u0420\u0430\u0437\u0434\u0432\u0438\u0436\u043d\u0430\u044f \u043c\u043e\u0441\u043a\u0438\u0442\u043d\u0430\u044f \u0441\u0435\u0442\u043a\u0430: \u0418\u0434\u0435\u0430\u043b\u044c\u043d\u043e \u043f\u043e\u0434\u0445\u043e\u0434\u0438\u0442 \u0434\u043b\u044f \u0431\u043e\u043b\u044c\u0448\u0438\u0445 \u0441\u0442\u0435\u043a\u043b\u044f\u043d\u043d\u044b\u0445 \u0434\u0432\u0435\u0440\u0435\u0439, \u043d\u0430\u043f\u0440\u0438\u043c\u0435\u0440, \u043d\u0430 \u0442\u0435\u0440\u0440\u0430\u0441\u0430\u0445. \u0421\u0435\u0442\u043a\u0430 \u0434\u0432\u0438\u0433\u0430\u0435\u0442\u0441\u044f \u043f\u043e \u0430\u043b\u044e\u043c\u0438\u043d\u0438\u0435\u0432\u043e\u0439 \u0440\u0430\u043c\u0435, \u043a\u043e\u0442\u043e\u0440\u0430\u044f \u043c\u043e\u0436\u0435\u0442 \u0431\u044b\u0442\u044c \u0443\u0441\u0442\u0430\u043d\u043e\u0432\u043b\u0435\u043d\u0430 \u043d\u0430 \u0431\u0430\u043b\u043a\u0435 \u0438\u043b\u0438 \u0432 \u043f\u0440\u043e\u0435\u043c\u0435. \u0414\u043b\u044f \u0442\u043e\u0447\u043d\u043e\u0439 \u0443\u0441\u0442\u0430\u043d\u043e\u0432\u043a\u0438 \u0440\u0435\u043a\u043e\u043c\u0435\u043d\u0434\u0443\u0435\u0442\u0441\u044f \u043f\u0440\u0438\u0441\u043b\u0430\u0442\u044c \u0444\u043e\u0442\u043e\u0433\u0440\u0430\u0444\u0438\u044e \u0434\u0432\u0435\u0440\u0438. \u0412\u044b \u043c\u043e\u0436\u0435\u0442\u0435 \u0432\u044b\u0431\u0440\u0430\u0442\u044c, \u043a\u0430\u043a \u0431\u0443\u0434\u0443\u0442 \u0441\u0434\u0432\u0438\u0433\u0430\u0442\u044c\u0441\u044f \u0434\u0432\u0435\u0440\u0438 \u043c\u043e\u0441\u043a\u0438\u0442\u043d\u043e\u0439 \u0441\u0435\u0442\u043a\u0438 \u2014 \u043a \u0441\u0435\u0440\u0435\u0434\u0438\u043d\u0435 \u0438\u043b\u0438 \u043a \u043e\u0434\u043d\u043e\u0439 \u0438\u0437 \u0441\u0442\u043e\u0440\u043e\u043d. \u0412 \u0440\u0430\u0437\u0434\u0432\u0438\u043d\u0443\u0442\u043e\u043c \u0432\u0438\u0434\u0435 \u0441\u0435\u0442\u043a\u0430 \u0441\u043a\u043b\u0430\u0434\u044b\u0432\u0430\u0435\u0442\u0441\u044f \u0432\u043d\u0443\u0442\u0440\u044c \u0440\u0430\u043c\u044b, \u044d\u043a\u043e\u043d\u043e\u043c\u044f \u043f\u0440\u043e\u0441\u0442\u0440\u0430\u043d\u0441\u0442\u0432\u043e. \u0414\u043e\u0441\u0442\u0443\u043f\u043d\u044b\u0435 \u0440\u0430\u0437\u043c\u0435\u0440\u044b:<\/p>\n<ul style=\"margin-left:20px;margin-bottom:20px;\">\n<li>\u041c\u0430\u043a\u0441\u0438\u043c\u0430\u043b\u044c\u043d\u044b\u0439 \u0440\u0430\u0437\u043c\u0435\u0440: 380 \u00d7 260 \u0441\u043c<\/li>\n<\/ul>\n<p>\u0421\u0435\u0442\u043a\u0438 \u0434\u043e\u0441\u0442\u0443\u043f\u043d\u044b \u0432 \u0442\u0440\u0435\u0445 \u0446\u0432\u0435\u0442\u0430\u0445: \u0431\u0435\u043b\u043e\u043c, \u043a\u043e\u0440\u0438\u0447\u043d\u0435\u0432\u043e\u043c \u0438 \u0430\u043d\u0442\u0440\u0430\u0446\u0438\u0442\u043e\u0432\u043e\u043c, \u0447\u0442\u043e \u043f\u043e\u0437\u0432\u043e\u043b\u044f\u0435\u0442 \u043f\u043e\u0434\u043e\u0431\u0440\u0430\u0442\u044c \u0432\u0430\u0440\u0438\u0430\u043d\u0442, \u043d\u0430\u0438\u043b\u0443\u0447\u0448\u0438\u043c \u043e\u0431\u0440\u0430\u0437\u043e\u043c \u0441\u043e\u0447\u0435\u0442\u0430\u044e\u0449\u0438\u0439\u0441\u044f \u0441 \u0434\u0438\u0437\u0430\u0439\u043d\u043e\u043c \u0432\u0430\u0448\u0435\u0433\u043e \u0434\u043e\u043c\u0430.<\/p>\n<p>\u0415\u0441\u043b\u0438 \u0432\u044b \u0445\u043e\u0442\u0438\u0442\u0435 \u043f\u043e\u043b\u0443\u0447\u0438\u0442\u044c \u0446\u0435\u043d\u043e\u0432\u043e\u0435 \u043f\u0440\u0435\u0434\u043b\u043e\u0436\u0435\u043d\u0438\u0435 \u0438\u043b\u0438 \u0437\u0430\u043a\u0430\u0437\u0430\u0442\u044c \u043c\u043e\u0441\u043a\u0438\u0442\u043d\u044b\u0435 \u0441\u0435\u0442\u043a\u0438, \u043d\u0430\u0447\u043d\u0438\u0442\u0435 \u0441 \u044d\u0442\u0438\u0445 \u043f\u0440\u043e\u0441\u0442\u044b\u0445 \u0448\u0430\u0433\u043e\u0432:<\/p>\n<p>\u041e\u0442\u043f\u0440\u0430\u0432\u044c\u0442\u0435 \u043d\u0430\u043c \u0442\u043e\u0447\u043d\u044b\u0435 \u0440\u0430\u0437\u043c\u0435\u0440\u044b \u0432\u0430\u0448\u0435\u0433\u043e \u043e\u043a\u043d\u0430.<br \/>\n\u0423\u043a\u0430\u0436\u0438\u0442\u0435, \u043a\u0430\u043a\u043e\u0439 \u043c\u0435\u0445\u0430\u043d\u0438\u0437\u043c \u0432\u044b \u0445\u043e\u0442\u0438\u0442\u0435 \u0438\u0441\u043f\u043e\u043b\u044c\u0437\u043e\u0432\u0430\u0442\u044c \u2014 \u043e\u0431\u044b\u0447\u043d\u0430\u044f \u0440\u0430\u043c\u0430, \u043f\u0440\u0443\u0436\u0438\u043d\u043d\u044b\u0439 \u043c\u0435\u0445\u0430\u043d\u0438\u0437\u043c, \u0438\u043b\u0438 \u0441\u0438\u0441\u0442\u0435\u043c\u0430 \u043d\u0430 \u043f\u0435\u0442\u043b\u044f\u0445.<br \/>\n\u0415\u0441\u043b\u0438 \u043d\u0435 \u0443\u0432\u0435\u0440\u0435\u043d\u044b, \u043a\u0430\u043a \u0443\u0441\u0442\u0430\u043d\u043e\u0432\u0438\u0442\u044c \u043c\u043e\u0441\u043a\u0438\u0442\u043d\u0443\u044e \u0441\u0435\u0442\u043a\u0443, \u043f\u0440\u0438\u043b\u043e\u0436\u0438\u0442\u0435 \u043a \u0437\u0430\u043f\u0440\u043e\u0441\u0443 \u0444\u043e\u0442\u043e\u0433\u0440\u0430\u0444\u0438\u044e \u0432\u0430\u0448\u0435\u0433\u043e \u043e\u043a\u043d\u0430.<br \/>\n\u041f\u043e\u0448\u043b\u0438\u0442\u0435 \u0432\u0441\u0435 \u0434\u0435\u0442\u0430\u043b\u0438 \u0438 \u0432\u0430\u0448\u0438 \u043a\u043e\u043d\u0442\u0430\u043a\u0442\u043d\u044b\u0435 \u0434\u0430\u043d\u043d\u044b\u0435 \u043d\u0430 \u043d\u0430\u0448\u0443 \u043f\u043e\u0447\u0442\u0443 info@aknakate.ee, \u0438 \u043c\u044b \u0441\u0432\u044f\u0436\u0435\u043c\u0441\u044f \u0441 \u0432\u0430\u043c\u0438 \u043f\u0440\u0438 \u043f\u0435\u0440\u0432\u043e\u0439 \u0432\u043e\u0437\u043c\u043e\u0436\u043d\u043e\u0441\u0442\u0438!<\/p>\n<p><span style=\"font-weight:bold;color:#db7030;\">\u0415\u0441\u043b\u0438 \u0432\u044b \u0445\u043e\u0442\u0438\u0442\u0435 \u043f\u043e\u043b\u0443\u0447\u0438\u0442\u044c \u0446\u0435\u043d\u043e\u0432\u043e\u0435 \u043f\u0440\u0435\u0434\u043b\u043e\u0436\u0435\u043d\u0438\u0435 \u0438\u043b\u0438 \u0437\u0430\u043a\u0430\u0437\u0430\u0442\u044c \u043c\u043e\u0441\u043a\u0438\u0442\u043d\u044b\u0435 \u0441\u0435\u0442\u043a\u0438, \u043d\u0430\u0447\u043d\u0438\u0442\u0435 \u0441 \u044d\u0442\u0438\u0445 \u043f\u0440\u043e\u0441\u0442\u044b\u0445 \u0448\u0430\u0433\u043e\u0432:<\/span><\/p>\n<ul style=\"margin-left:20px;margin-bottom:20px;\">\n<li>\u041e\u0442\u043f\u0440\u0430\u0432\u044c\u0442\u0435 \u043d\u0430\u043c \u0442\u043e\u0447\u043d\u044b\u0435 \u0440\u0430\u0437\u043c\u0435\u0440\u044b \u0432\u0430\u0448\u0435\u0433\u043e \u043e\u043a\u043d\u0430.<\/li>\n<li>\u0423\u043a\u0430\u0436\u0438\u0442\u0435, \u043a\u0430\u043a\u043e\u0439 \u043c\u0435\u0445\u0430\u043d\u0438\u0437\u043c \u0432\u044b \u0445\u043e\u0442\u0438\u0442\u0435 \u0438\u0441\u043f\u043e\u043b\u044c\u0437\u043e\u0432\u0430\u0442\u044c \u2014 \u043e\u0431\u044b\u0447\u043d\u0430\u044f \u0440\u0430\u043c\u0430, \u043f\u0440\u0443\u0436\u0438\u043d\u043d\u044b\u0439 \u043c\u0435\u0445\u0430\u043d\u0438\u0437\u043c, \u0438\u043b\u0438 \u0441\u0438\u0441\u0442\u0435\u043c\u0430 \u043d\u0430 \u043f\u0435\u0442\u043b\u044f\u0445.<\/li>\n<li>\u0415\u0441\u043b\u0438 \u043d\u0435 \u0443\u0432\u0435\u0440\u0435\u043d\u044b, \u043a\u0430\u043a \u0443\u0441\u0442\u0430\u043d\u043e\u0432\u0438\u0442\u044c \u043c\u043e\u0441\u043a\u0438\u0442\u043d\u0443\u044e \u0441\u0435\u0442\u043a\u0443, \u043f\u0440\u0438\u043b\u043e\u0436\u0438\u0442\u0435 \u043a \u0437\u0430\u043f\u0440\u043e\u0441\u0443 \u0444\u043e\u0442\u043e\u0433\u0440\u0430\u0444\u0438\u044e \u0432\u0430\u0448\u0435\u0433\u043e \u043e\u043a\u043d\u0430.<\/li>\n<li>\u041f\u043e\u0448\u043b\u0438\u0442\u0435 \u0432\u0441\u0435 \u0434\u0435\u0442\u0430\u043b\u0438 \u0438 \u0432\u0430\u0448\u0438 \u043a\u043e\u043d\u0442\u0430\u043a\u0442\u043d\u044b\u0435 \u0434\u0430\u043d\u043d\u044b\u0435 \u043d\u0430 \u043d\u0430\u0448\u0443 \u043f\u043e\u0447\u0442\u0443 <a href=\"mailto:info@aknakate.ee\">info@aknakate.ee<\/a>, \u0438 \u043c\u044b \u0441\u0432\u044f\u0436\u0435\u043c\u0441\u044f \u0441 \u0432\u0430\u043c\u0438 \u043f\u0440\u0438 \u043f\u0435\u0440\u0432\u043e\u0439 \u0432\u043e\u0437\u043c\u043e\u0436\u043d\u043e\u0441\u0442\u0438! \ud83d\ude09<\/li>\n<\/ul>\n<p><span style=\"font-weight:bold;\">\u0412\u044b \u043c\u043e\u0436\u0435\u0442\u0435 \u043e\u0444\u043e\u0440\u043c\u0438\u0442\u044c \u0437\u0430\u043a\u0430\u0437 \u043d\u0435\u043f\u043e\u0441\u0440\u0435\u0434\u0441\u0442\u0432\u0435\u043d\u043d\u043e \u0432 \u043d\u0430\u0448\u0435\u043c \u0441\u0430\u043b\u043e\u043d\u0435 \u043f\u043e \u0430\u0434\u0440\u0435\u0441\u0443 Kakum\u00e4e tee 37, \u0432\u044b\u0437\u0432\u0430\u0442\u044c \u0441\u043f\u0435\u0446\u0438\u0430\u043b\u0438\u0441\u0442\u0430 \u0441 \u043e\u0431\u0440\u0430\u0437\u0446\u0430\u043c\u0438 \u0434\u043e\u043c\u043e\u0439 \u0438\u043b\u0438 \u0443\u0434\u043e\u0431\u043d\u043e \u0437\u0430\u043a\u0430\u0437\u0430\u0442\u044c \u043c\u043e\u0441\u043a\u0438\u0442\u043d\u044b\u0435 \u0441\u0435\u0442\u043a\u0438 \u043e\u043d\u043b\u0430\u0439\u043d.<\/span><\/p>\n<style>\n.pleatedTypes {\n   clear:both;\n   overflow: hidden;\nmargin-bottom: 20px;\n  }\n.pleatedBlind {\n  float: left; \n  width: 120px; \n  text-align:center; \n  height: 160px !important;\n  margin-right:30px;\n  margin-bottom:0px;\n  }\n  .pleatedBlind img {\n    opacity: 1;\n  }\n.pleatedBlind a {border:none; text-decoration:none; color: #747474; font-size:12px;} .colorCode{display:block};\n<\/style>\n","protected":false},"excerpt":{"rendered":"<p>\u041c\u043e\u0441\u043a\u0438\u0442\u043d\u0430\u044f \u0441\u0435\u0442\u043a\u0430 \u0434\u043b\u044f \u043e\u043a\u043d\u0430 \u041c\u043e\u0441\u043a\u0438\u0442\u043d\u0430\u044f \u0441\u0435\u0442\u043a\u0430 \u043d\u0430 \u0434\u0432\u0435\u0440\u044c &nbsp; \u041c\u043e\u0441\u043a\u0438\u0442\u043d\u044b\u0435 \u0441\u0435\u0442\u043a\u0438 \u043e\u0431\u0435\u0441\u043f\u0435\u0447\u0438\u0432\u0430\u044e\u0442 \u044d\u0444\u0444\u0435\u043a\u0442\u0438\u0432\u043d\u0443\u044e \u0437\u0430\u0449\u0438\u0442\u0443 \u043e\u0442 \u043d\u0435\u043f\u0440\u0438\u044f\u0442\u043d\u044b\u0445 \u0438 \u043d\u0430\u0437\u043e\u0439\u043b\u0438\u0432\u044b\u0445 \u043d\u0430\u0441\u0435\u043a\u043e\u043c\u044b\u0445. \u0423\u0441\u0442\u0430\u043d\u043e\u0432\u043b\u0435\u043d\u043d\u044b\u0435 \u043d\u0430 \u0434\u0432\u0435\u0440\u043d\u043e\u0439 \u0440\u0430\u043c\u0435, \u043e\u043d\u0438 \u0441\u043b\u0443\u0436\u0430\u0442 \u0431\u0430\u0440\u044c\u0435\u0440\u043e\u043c \u043f\u0440\u043e\u0442\u0438\u0432 \u043f\u044b\u043b\u0438, \u043c\u0443\u0441\u043e\u0440\u0430 \u0438 \u043d\u0430\u0441\u0435\u043a\u043e\u043c\u044b\u0445, \u0441\u043e\u0437\u0434\u0430\u0432\u0430\u044f \u043d\u0430\u0434\u0435\u0436\u043d\u044b\u0439 \u0444\u0438\u043b\u044c\u0442\u0440 \u043c\u0435\u0436\u0434\u0443 \u0432\u043d\u0435\u0448\u043d\u0435\u0439 \u0441\u0440\u0435\u0434\u043e\u0439 \u0438 \u0432\u043d\u0443\u0442\u0440\u0435\u043d\u043d\u0438\u043c \u043f\u0440\u043e\u0441\u0442\u0440\u0430\u043d\u0441\u0442\u0432\u043e\u043c \u043f\u043e\u043c\u0435\u0449\u0435\u043d\u0438\u044f. \u0421\u0435\u0442\u043a\u0438 \u0438\u0437\u0433\u043e\u0442\u043e\u0432\u043b\u0435\u043d\u044b \u0438\u0437 \u043c\u0430\u0442\u0435\u0440\u0438\u0430\u043b\u043e\u0432, \u0443\u0441\u0442\u043e\u0439\u0447\u0438\u0432\u044b\u0445 \u043a \u0432\u043e\u0437\u0434\u0435\u0439\u0441\u0442\u0432\u0438\u044e \u0432\u043e\u0434\u044b, \u0441\u043e\u043b\u043d\u0435\u0447\u043d\u044b\u0445 \u043b\u0443\u0447\u0435\u0439 \u0438 \u0436\u0438\u0440\u0430, \u0447\u0442\u043e \u043f\u0440\u043e\u0434\u043b\u0435\u0432\u0430\u0435\u0442 [&hellip;]<\/p>\n","protected":false},"author":1,"featured_media":0,"parent":24,"menu_order":0,"comment_status":"closed","ping_status":"open","template":"","meta":[],"_links":{"self":[{"href":"https:\/\/www.aknakate.ee\/ru\/wp-json\/wp\/v2\/pages\/1755"}],"collection":[{"href":"https:\/\/www.aknakate.ee\/ru\/wp-json\/wp\/v2\/pages"}],"about":[{"href":"https:\/\/www.aknakate.ee\/ru\/wp-json\/wp\/v2\/types\/page"}],"author":[{"embeddable":true,"href":"https:\/\/www.aknakate.ee\/ru\/wp-json\/wp\/v2\/users\/1"}],"replies":[{"embeddable":true,"href":"https:\/\/www.aknakate.ee\/ru\/wp-json\/wp\/v2\/comments?post=1755"}],"version-history":[{"count":3,"href":"https:\/\/www.aknakate.ee\/ru\/wp-json\/wp\/v2\/pages\/1755\/revisions"}],"predecessor-version":[{"id":2045,"href":"https:\/\/www.aknakate.ee\/ru\/wp-json\/wp\/v2\/pages\/1755\/revisions\/2045"}],"up":[{"embeddable":true,"href":"https:\/\/www.aknakate.ee\/ru\/wp-json\/wp\/v2\/pages\/24"}],"wp:attachment":[{"href":"https:\/\/www.aknakate.ee\/ru\/wp-json\/wp\/v2\/media?parent=1755"}],"curies":[{"name":"wp","href":"https:\/\/api.w.org\/{rel}","templated":true}]}}