{"id":675,"date":"2012-01-14T15:26:07","date_gmt":"2012-01-14T15:26:07","guid":{"rendered":"\/?page_id=675"},"modified":"2025-04-22T17:42:59","modified_gmt":"2025-04-22T17:42:59","slug":"trepersienner","status":"publish","type":"page","link":"https:\/\/www.aknakate.ee\/no\/produkter\/persienner\/trepersienner\/","title":{"rendered":"Trepersienner"},"content":{"rendered":"<h1>Velg en som passer til deg<\/h1>\n<table width=\"300\" border=\"0\">\n<tr>\n<td><a href=\"\/no\/produkter\/persienner\">Aluminiumspersienner<\/a><\/td>\n<td><b>Trepersienner<\/b><\/td>\n<\/tr>\n<\/table>\n<div id=\"featured\">\n<ul id=\"images-slider\">\n<li>\n\t\t\t<img loading=\"lazy\" src=\"\/wp-content\/uploads\/2012\/01\/Puitribakardin1.jpg\" width=\"600\" height=\"504\" alt=\"Puitribakardin\" \/>\n\t\t<\/li>\n<li>\n\t\t\t<img loading=\"lazy\" src=\"\/wp-content\/uploads\/2012\/01\/Puitribakardin2.jpg\" width=\"600\" height=\"504\" alt=\"Puitribakardin\" \/>\n\t\t<\/li>\n<li>\n\t\t\t<img loading=\"lazy\" src=\"\/wp-content\/uploads\/2012\/01\/Puitribakardin3.jpg\" width=\"600\" height=\"504\" alt=\"Puitribakardin\" \/>\n\t\t<\/li>\n<li>\n\t\t\t<img loading=\"lazy\" src=\"\/wp-content\/uploads\/2012\/01\/Puitribakardin4.jpg\" width=\"600\" height=\"504\" alt=\"Puitribakardin\" \/>\n\t\t<\/li>\n<li>\n\t\t\t<img loading=\"lazy\" src=\"\/wp-content\/uploads\/2017\/07\/IMG_41061.jpg\" width=\"600\" height=\"504\" alt=\"Puitribakardin\" \/>\n\t\t<\/li>\n<li>\n\t\t\t<img loading=\"lazy\" src=\"\/wp-content\/uploads\/2017\/07\/IMG_41261.jpg\" width=\"600\" height=\"504\" alt=\"Puitribakardin\" \/>\n\t\t<\/li>\n<li>\n\t\t\t<img loading=\"lazy\" src=\"\/wp-content\/uploads\/2017\/07\/zaluzja-drewniana-Retro-11.jpg\" width=\"600\" height=\"504\" alt=\"Puitribakardin\" \/>\n\t\t<\/li>\n<\/ul>\n<ul id=\"slider-cycle-nav\">\n<li><a id=\"cycle-prev\"><\/a><\/li>\n<li><a id=\"cycle-next\"><\/a><\/li>\n<\/ul>\n<\/div>\n<p>Trepersienner skaper et meget koselig og stilig interi\u00f8r. Trepersienner fremstilles av h\u00f8ykvalitets amerikansk lindetre som er b\u00e5de tett og kvistfritt. Det er ogs\u00e5 mulig \u00e5 fremstille trepersienner til plastvinduer. Ved m\u00e5ling av trepersienner er det viktig \u00e5 huske at hvis man trekker opp ribbene oppst\u00e5r det en ribbepakke som man skal ta hensyn til ved \u00e5pning av vindu:<\/p>\n<p>Ribbenes bredder kan v\u00e6re enten 25mm eller 50mm.<br \/>\nTreribbenes bredde kan v\u00e6re maks. 240cm og h\u00f8yde 260cm.<\/p>\n<p>Trepersienner fremstilles etter m\u00e5l som er angitt av kunden.<\/p>\n<h1>Fargeutvalg<\/h1>\n<p><a href=\"https:\/\/www.aknakate.ee\/catalogue-wood\/\" target=\"_blank\" rel=\"noopener\">Se stort<\/a><br \/>\n<iframe loading=\"lazy\" width=\"930\" height=\"500\" src=\"https:\/\/www.aknakate.ee\/catalogue-wood\/\"><\/iframe><\/p>\n","protected":false},"excerpt":{"rendered":"<p>Velg en som passer til deg Aluminiumspersienner Trepersienner Trepersienner skaper et meget koselig og stilig interi\u00f8r. Trepersienner fremstilles av h\u00f8ykvalitets amerikansk lindetre som er b\u00e5de tett og kvistfritt. Det er ogs\u00e5 mulig \u00e5 fremstille trepersienner til plastvinduer. Ved m\u00e5ling av trepersienner er det viktig \u00e5 huske at hvis man trekker opp ribbene oppst\u00e5r det en [&hellip;]<\/p>\n","protected":false},"author":1,"featured_media":0,"parent":18,"menu_order":0,"comment_status":"closed","ping_status":"open","template":"","meta":[],"_links":{"self":[{"href":"https:\/\/www.aknakate.ee\/no\/wp-json\/wp\/v2\/pages\/675"}],"collection":[{"href":"https:\/\/www.aknakate.ee\/no\/wp-json\/wp\/v2\/pages"}],"about":[{"href":"https:\/\/www.aknakate.ee\/no\/wp-json\/wp\/v2\/types\/page"}],"author":[{"embeddable":true,"href":"https:\/\/www.aknakate.ee\/no\/wp-json\/wp\/v2\/users\/1"}],"replies":[{"embeddable":true,"href":"https:\/\/www.aknakate.ee\/no\/wp-json\/wp\/v2\/comments?post=675"}],"version-history":[{"count":1,"href":"https:\/\/www.aknakate.ee\/no\/wp-json\/wp\/v2\/pages\/675\/revisions"}],"predecessor-version":[{"id":1260,"href":"https:\/\/www.aknakate.ee\/no\/wp-json\/wp\/v2\/pages\/675\/revisions\/1260"}],"up":[{"embeddable":true,"href":"https:\/\/www.aknakate.ee\/no\/wp-json\/wp\/v2\/pages\/18"}],"wp:attachment":[{"href":"https:\/\/www.aknakate.ee\/no\/wp-json\/wp\/v2\/media?parent=675"}],"curies":[{"name":"wp","href":"https:\/\/api.w.org\/{rel}","templated":true}]}}