{"id":24,"date":"2011-12-20T19:05:02","date_gmt":"2011-12-20T19:05:02","guid":{"rendered":"\/?page_id=24"},"modified":"2011-12-20T19:05:02","modified_gmt":"2011-12-20T19:05:02","slug":"insektsnett","status":"publish","type":"page","link":"https:\/\/www.aknakate.ee\/no\/produkter\/insektsnett\/","title":{"rendered":"Insektsnett"},"content":{"rendered":"<div id=\"featured\">\n<ul id=\"images-slider\">\n<li>\n\t\t\t<img loading=\"lazy\" src=\"\/wp-content\/uploads\/2011\/12\/15062011315.jpg\" width=\"600\" height=\"504\" alt=\"S\u00e4\u00e4sev\u00f5rk\" \/>\n\t\t<\/li>\n<li>\n\t\t\t<img loading=\"lazy\" src=\"\/wp-content\/uploads\/2011\/12\/15062011319.jpg\" width=\"600\" height=\"504\" alt=\"S\u00e4\u00e4sev\u00f5rk\" \/>\n\t\t<\/li>\n<li>\n\t\t\t<img loading=\"lazy\" src=\"\/wp-content\/uploads\/2012\/01\/Saasevork4.jpg\" width=\"600\" height=\"504\" alt=\"S\u00e4\u00e4sev\u00f5rk\" \/>\n\t\t<\/li>\n<li>\n\t\t\t<img loading=\"lazy\" src=\"\/wp-content\/uploads\/2017\/07\/IMG_7906.jpg\" width=\"600\" height=\"504\" alt=\"S\u00e4\u00e4sev\u00f5rk\" \/>\n\t\t<\/li>\n<li>\n\t\t\t<img loading=\"lazy\" src=\"\/wp-content\/uploads\/2017\/07\/IMG_79461.jpg\" width=\"600\" height=\"504\" alt=\"S\u00e4\u00e4sev\u00f5rk\" \/>\n\t\t<\/li>\n<li>\n\t\t\t<img loading=\"lazy\" src=\"\/wp-content\/uploads\/2017\/07\/IMG_8088.jpg\" width=\"600\" height=\"504\" alt=\"S\u00e4\u00e4sev\u00f5rk\" \/>\n\t\t<\/li>\n<li>\n\t\t\t<img loading=\"lazy\" src=\"\/wp-content\/uploads\/2018\/11\/IMG_2876-2.jpg\" width=\"600\" height=\"504\" alt=\"S\u00e4\u00e4sev\u00f5rk\" \/>\n\t\t<\/li>\n<li>\n\t\t\t<img loading=\"lazy\" src=\"\/wp-content\/uploads\/2018\/11\/IMG_2877.jpg\" width=\"600\" height=\"504\" alt=\"S\u00e4\u00e4sev\u00f5rk\" \/>\n\t\t<\/li>\n<li>\n\t\t\t<img loading=\"lazy\" src=\"\/wp-content\/uploads\/2018\/11\/IMG_2878.jpg\" width=\"600\" height=\"504\" alt=\"S\u00e4\u00e4sev\u00f5rk\" \/>\n\t\t<\/li>\n<li>\n\t\t\t<img loading=\"lazy\" src=\"\/wp-content\/uploads\/2018\/11\/IMG_2879.jpg\" width=\"600\" height=\"504\" alt=\"S\u00e4\u00e4sev\u00f5rk\" \/>\n\t\t<\/li>\n<li>\n\t\t\t<img loading=\"lazy\" src=\"\/wp-content\/uploads\/2018\/11\/IMG_2880.jpg\" width=\"600\" height=\"504\" alt=\"S\u00e4\u00e4sev\u00f5rk\" \/>\n\t\t<\/li>\n<li>\n\t\t\t<img loading=\"lazy\" src=\"\/wp-content\/uploads\/2018\/11\/moskitiery-6big.jpg\" width=\"600\" height=\"504\" alt=\"S\u00e4\u00e4sev\u00f5rk\" \/>\n\t\t<\/li>\n<li>\n\t\t\t<img loading=\"lazy\" src=\"\/wp-content\/uploads\/2018\/11\/moskitiery-8big2.jpg\" width=\"600\" height=\"504\" alt=\"S\u00e4\u00e4sev\u00f5rk\" \/>\n\t\t<\/li>\n<\/ul>\n<ul id=\"slider-cycle-nav\">\n<li><a id=\"cycle-prev\"><\/a><\/li>\n<li><a id=\"cycle-next\"><\/a><\/li>\n<\/ul>\n<\/div>\n<p>Insektsnett er en effektiv beskyttelse mot ubehagelige og irriterende insekter. Insektsnettet festes p\u00e5 vinduskarmen og danner dermed et effektivt filter mellom utemilj\u00f8et og rommet. Insektsnettets ramme er fremstilt av lakkert aluminiumprofil som er bestandig mot milj\u00f8p\u00e5virkninger.<\/p>\n<p>Vi tilbyr to typer av insektsnett:<\/p>\n<p>&#8211; Insektsnett som er festet p\u00e5 en vanlig aluminiumsramme, festes p\u00e5 vinduskarmen med hjelp av magneter. Dette gir en rimelig pris og det er enkelt \u00e5 sette insektsnett p\u00e5 plass p\u00e5 v\u00e5ren og ta bort p\u00e5 h\u00f8sten.<br \/>\n&#8211; Insektsnett som fungerer p\u00e5 en fj\u00e6rmekanisme, kan festes p\u00e5 utsiden av vinduskarm og kan ogs\u00e5 brukes som en d\u00f8r.<\/p>\n<p>Det finnes to fargealternativer for profiler av vanlig insektsnett: hvit og brun. Som spesialbestilling kan vi ogs\u00e5 lakkere i andre farger.<br \/>\nProfilenes materialer er av aluminium.<\/p>\n<p>Insektsnettet p\u00e5 fj\u00e6rmekanisme er hvitt.<\/p>\n","protected":false},"excerpt":{"rendered":"<p>Insektsnett er en effektiv beskyttelse mot ubehagelige og irriterende insekter. Insektsnettet festes p\u00e5 vinduskarmen og danner dermed et effektivt filter mellom utemilj\u00f8et og rommet. Insektsnettets ramme er fremstilt av lakkert aluminiumprofil som er bestandig mot milj\u00f8p\u00e5virkninger. Vi tilbyr to typer av insektsnett: &#8211; Insektsnett som er festet p\u00e5 en vanlig aluminiumsramme, festes p\u00e5 vinduskarmen med [&hellip;]<\/p>\n","protected":false},"author":1,"featured_media":0,"parent":13,"menu_order":6,"comment_status":"closed","ping_status":"open","template":"","meta":[],"_links":{"self":[{"href":"https:\/\/www.aknakate.ee\/no\/wp-json\/wp\/v2\/pages\/24"}],"collection":[{"href":"https:\/\/www.aknakate.ee\/no\/wp-json\/wp\/v2\/pages"}],"about":[{"href":"https:\/\/www.aknakate.ee\/no\/wp-json\/wp\/v2\/types\/page"}],"author":[{"embeddable":true,"href":"https:\/\/www.aknakate.ee\/no\/wp-json\/wp\/v2\/users\/1"}],"replies":[{"embeddable":true,"href":"https:\/\/www.aknakate.ee\/no\/wp-json\/wp\/v2\/comments?post=24"}],"version-history":[{"count":0,"href":"https:\/\/www.aknakate.ee\/no\/wp-json\/wp\/v2\/pages\/24\/revisions"}],"up":[{"embeddable":true,"href":"https:\/\/www.aknakate.ee\/no\/wp-json\/wp\/v2\/pages\/13"}],"wp:attachment":[{"href":"https:\/\/www.aknakate.ee\/no\/wp-json\/wp\/v2\/media?parent=24"}],"curies":[{"name":"wp","href":"https:\/\/api.w.org\/{rel}","templated":true}]}}