{"id":20,"date":"2011-12-20T19:03:42","date_gmt":"2011-12-20T19:03:42","guid":{"rendered":"\/?page_id=20"},"modified":"2011-12-20T19:03:42","modified_gmt":"2011-12-20T19:03:42","slug":"sikkerhetsgardiner","status":"publish","type":"page","link":"https:\/\/www.aknakate.ee\/no\/produkter\/sikkerhetsgardiner\/","title":{"rendered":"Sikkerhetsgardiner"},"content":{"rendered":"<div id=\"featured\">\n<ul id=\"images-slider\">\n<li>\n\t\t\t<img loading=\"lazy\" src=\"\/wp-content\/uploads\/2012\/01\/Turvakardin.jpg\" width=\"600\" height=\"504\" alt=\"Tekstiilruloo\" \/>\n\t\t<\/li>\n<li>\n\t\t\t<img loading=\"lazy\" src=\"\/wp-content\/uploads\/2012\/01\/Turvakardin2.jpg\" width=\"600\" height=\"504\" alt=\"Tekstiilruloo\" \/>\n\t\t<\/li>\n<li>\n\t\t\t<img loading=\"lazy\" src=\"\/wp-content\/uploads\/2012\/01\/Turvakardin3.jpg\" width=\"600\" height=\"504\" alt=\"Tekstiilruloo\" \/>\n\t\t<\/li>\n<li>\n\t\t\t<img loading=\"lazy\" src=\"\/wp-content\/uploads\/2011\/12\/Turva-pildid-4.jpg\" width=\"600\" height=\"504\" alt=\"Tekstiilruloo\" \/>\n\t\t<\/li>\n<li>\n\t\t\t<img loading=\"lazy\" src=\"\/wp-content\/uploads\/2011\/12\/Turva-pildid-2.jpg\" width=\"600\" height=\"504\" alt=\"Tekstiilruloo\" \/>\n\t\t<\/li>\n<li>\n\t\t\t<img loading=\"lazy\" src=\"\/wp-content\/uploads\/2011\/12\/Turva-pildid-1.jpg\" width=\"600\" height=\"504\" alt=\"Tekstiilruloo\" \/>\n\t\t<\/li>\n<li>\n\t\t\t<img loading=\"lazy\" src=\"\/wp-content\/uploads\/2011\/12\/Turva-pildid-3.jpg\" width=\"600\" height=\"504\" alt=\"Tekstiilruloo\" \/>\n\t\t<\/li>\n<li>\n\t\t\t<img loading=\"lazy\" src=\"\/wp-content\/uploads\/2011\/12\/turvakardin.bmp\" width=\"600\" height=\"504\" alt=\"Tekstiilruloo\" \/>\n\t\t<\/li>\n<\/ul>\n<ul id=\"slider-cycle-nav\">\n<li><a id=\"cycle-prev\"><\/a><\/li>\n<li><a id=\"cycle-next\"><\/a><\/li>\n<\/ul>\n<\/div>\n<p>Sikkerhetsgardinene kobles til alarmsystemet som utelukker muligheten for raskt innbrudd og beskytter utstillingsvinduer mot vandalisme og er dermed effektive beskyttelsesmidler for \u00e5 \u00f8ke sikkerheten b\u00e5de hjemme eller p\u00e5 kontoret.<\/p>\n<p>Ved mindre \u00e5pninger bruker vi sikkerhetsrullegardiner som produseres av polyuretanfylt aluminiumprofil og som er egnet til \u00e5pninger med bredde opptil 4 m. Ved st\u00f8rre \u00e5pninger bruker vi lukkede eller \u00e5pne sikkerhetsbarer av helaluminium som er egnet til \u00e5pninger med bredde opptil 15 m.<\/p>\n<p>I tillegg til sikkerhetsfunksjoner har disse profiler ogs\u00e5 m\u00f8rkleggende og varmeisolerende egenskaper. Til styring av sikkerhetsgardiner brukes det elektrisk motor og mindre gardiner kan betjenes manuelt.<\/p>\n<p>Den elektriske motoren kan styres med hjelp av en bryter, fjernkontroll eller automatisk programmerbar klokke og den kan kobles til ditt alarmsystem.   <\/p>\n<h1>Bilder av fjernkontroller<\/h1>\n<p><a title=\"Sikkerhetsgardiner\" href=\"\/wp-content\/uploads\/2011\/12\/02602.jpg\" rel=\"prettyPhoto[turvakardin_pildid]\"><img loading=\"lazy\" class=\"box-img\" title=\"Sikkerhetsgardiner\" src=\"\/wp-content\/uploads\/2011\/12\/02602-150x150.jpg\" alt=\"\" width=\"100\" height=\"100\" \/><\/a><a title=\"L\u00fcliti Centralis\" href=\"\/wp-content\/uploads\/2011\/12\/centralis.jpg\" rel=\"prettyPhoto[turvakardin_pildid]\"> <img loading=\"lazy\" class=\"box-img\" title=\"L\u00fcliti Centralis\" src=\"\/wp-content\/uploads\/2011\/12\/centralis-150x150.jpg\" alt=\"\" width=\"100\" height=\"100\" \/><\/a><a title=\"L\u00fcliti Chronis\" href=\"\/wp-content\/uploads\/2011\/12\/chronis.jpg\" rel=\"prettyPhoto[turvakardin_pildid]\"> <img loading=\"lazy\" class=\"box-img\" title=\"L\u00fcliti Chronis\" src=\"\/wp-content\/uploads\/2011\/12\/chronis-150x150.jpg\" alt=\"\" width=\"100\" height=\"100\" \/><\/a><a title=\"Telis 4 lounge\" href=\"\/wp-content\/uploads\/2011\/12\/Telis-4-lounge.jpg\" rel=\"prettyPhoto[turvakardin_pildid]\"> <img loading=\"lazy\" class=\"box-img\" title=\"Telis 4 lounge\" src=\"\/wp-content\/uploads\/2011\/12\/Telis-4-lounge-150x150.jpg\" alt=\"\" width=\"100\" height=\"100\" \/><\/a><a title=\"Telis 4 Silver klein\" href=\"\/wp-content\/uploads\/2011\/12\/Telis-4-Silver-klein.jpg\" rel=\"prettyPhoto[turvakardin_pildid]\"> <img loading=\"lazy\" class=\"box-img\" title=\"Telis 4 Silver klein\" src=\"\/wp-content\/uploads\/2011\/12\/Telis-4-Silver-klein-150x150.jpg\" alt=\"\" width=\"100\" height=\"100\" \/><\/a><\/p>\n<p><a title=\"TELIS 6 Chronis RTS silver\" href=\"\/wp-content\/uploads\/2011\/12\/TELIS-6_Chronis_RTS_silver_star_manu.jpg\" rel=\"prettyPhoto[turvakardin_pildid]\"><img loading=\"lazy\" class=\"box-img\" title=\"TELIS 6 Chronis RTS silver\" src=\"\/wp-content\/uploads\/2011\/12\/TELIS-6_Chronis_RTS_silver_star_manu-150x150.jpg\" alt=\"\" width=\"100\" height=\"100\" \/><\/a><a title=\"Telis Composio Silver\" href=\"\/wp-content\/uploads\/2011\/12\/Telis-Composio-Silver.jpg\" rel=\"prettyPhoto[turvakardin_pildid]\"> <img loading=\"lazy\" class=\"box-img\" title=\"Telis Composio Silver\" src=\"\/wp-content\/uploads\/2011\/12\/Telis-Composio-Silver-150x150.jpg\" alt=\"\" width=\"100\" height=\"100\" \/><\/a><\/p>\n<h3>PA52 Med fylling av polyuretan-skum<\/h3>\n<div class=\"one-third\">\nFarger: hvit, gr\u00e5, beige og brun<br \/>\nSom spesialbestilling fra RAL-katalogen<br \/>\nMaks. bredde: 4000<br \/>\nMaks. omr\u00e5de: 8m\u00b2<br \/>\nSt\u00f8rste omr\u00e5de med sveivstyring: 8m\u00b2<br \/>\nVekt: 3,5kg 1m\u00b2<\/p>\n<table width=\"210\">\n<tr>\n<td>Emballasje<\/td>\n<td>H\u00f8yde<\/td>\n<\/tr>\n<tr>\n<td>205<\/td>\n<td>3100<\/td>\n<\/tr>\n<tr>\n<td>250<\/td>\n<td>4350<\/td>\n<\/tr>\n<\/table>\n<\/div>\n<div class=\"one-third last\">\n<img class=\"box-img\" src=\"\/no\/wp-content\/uploads\/2012\/01\/PA52.jpg\" alt=\"Sikkerhetsgardin\" \/><br \/>\n<\/div><div class=\"clear\"><\/div>\n<h3>PA55 Med fylling av polyuretan-skum<\/h3>\n<div class=\"one-third\">\nFarger: hvit, gr\u00e5, beige og brun<br \/>\nSom spesialbestilling fra RAL-katalogen<br \/>\nMaks. bredde: 4500<br \/>\nMaks. omr\u00e5de: 9,5m\u00b2<br \/>\nSt\u00f8rste omr\u00e5de med sveivstyring: 7,5m\u00b2<br \/>\nVekt: 4kg 1m\u00b2<\/p>\n<table width=\"210\">\n<tr>\n<td>Emballasje<\/td>\n<td>H\u00f8yde<\/td>\n<\/tr>\n<tr>\n<td>205<\/td>\n<td>1970<\/td>\n<\/tr>\n<tr>\n<td>250<\/td>\n<td>3560<\/td>\n<\/tr>\n<\/table>\n<\/div>\n<div class=\"one-third last\">\n<img class=\"box-img\" src=\"\/no\/wp-content\/uploads\/2012\/01\/PA55.jpg\" alt=\"Turvakardin\" \/><br \/>\n<\/div><div class=\"clear\"><\/div>\n<h3>PE41 Helaluminium<\/h3>\n<div class=\"one-third\">\nFarger: hvit, gr\u00e5, beige og brun<br \/>\nSom spesialbestilling fra RAL-katalogen<br \/>\nMaks. bredde: 4500<br \/>\nMaks. omr\u00e5de: 8,5m\u00b2<br \/>\nSt\u00f8rste omr\u00e5de med sveivstyring: 4,5m\u00b2<br \/>\nVekt: 6,83kg 1m\u00b2<\/p>\n<table width=\"210\">\n<tr>\n<td>Emballasje<\/td>\n<td>H\u00f8yde<\/td>\n<\/tr>\n<tr>\n<td>205<\/td>\n<td>2640<\/td>\n<\/tr>\n<tr>\n<td>250<\/td>\n<td>3500<\/td>\n<\/tr>\n<\/table>\n<\/div>\n<div class=\"one-third last\">\n<img class=\"box-img\" src=\"\/no\/wp-content\/uploads\/2012\/01\/PE41.jpg\" alt=\"Sikkerhetsgardin\" \/><br \/>\n<\/div><div class=\"clear\"><\/div>\n<h3>PE55 Helaluminium<\/h3>\n<div class=\"one-third\">\nFarger: hvit, gr\u00e5, beige og brun<br \/>\nSom spesialbestilling fra RAL-katalogen<br \/>\nMaks. bredde: 6000<br \/>\nMaks. omr\u00e5de: 15m\u00b2<br \/>\nSt\u00f8rste omr\u00e5de med sveivstyring: 3,5m\u00b2<br \/>\nVekt: 8,73kg 1m\u00b2<\/p>\n<table width=\"210\">\n<tr>\n<td>Emballasje<\/td>\n<td>H\u00f8yde<\/td>\n<\/tr>\n<tr>\n<td>205<\/td>\n<td>1800<\/td>\n<\/tr>\n<tr>\n<td>250<\/td>\n<td>2600<\/td>\n<\/tr>\n<tr>\n<td>300<\/td>\n<td>4160<\/td>\n<\/tr>\n<\/table>\n<\/div>\n<div class=\"one-third last\">\n<img class=\"box-img\" src=\"\/no\/wp-content\/uploads\/2012\/01\/PE55.jpg\" alt=\"Sikkerhetsgardin\" \/><br \/>\n<\/div><div class=\"clear\"><\/div>\n<h3>PEK52 Helaluminium<\/h3>\n<div class=\"one-third\">\nFarger: aluminium (kan lakkeres)<br \/>\nSom spesialbestilling fra RAL-katalogen<br \/>\nMaks. bredde: 3500<br \/>\nMaks. omr\u00e5de: 10m\u00b2<br \/>\nSt\u00f8rste omr\u00e5de med sveivstyring: 6,4m\u00b2<br \/>\nVekt: 4,75kg 1m\u00b2<\/p>\n<table width=\"210\">\n<tr>\n<td>Emballasje<\/td>\n<td>H\u00f8yde<\/td>\n<\/tr>\n<tr>\n<td>205<\/td>\n<td>2700<\/td>\n<\/tr>\n<tr>\n<td>250<\/td>\n<td>4440<\/td>\n<\/tr>\n<\/table>\n<\/div>\n<div class=\"one-third last\">\n<img class=\"box-img\" src=\"\/no\/wp-content\/uploads\/2012\/01\/PEK52.jpg\" alt=\"Sikkerhetsgardin\" \/><br \/>\n<\/div><div class=\"clear\"><\/div> <\/p>\n","protected":false},"excerpt":{"rendered":"<p>Sikkerhetsgardinene kobles til alarmsystemet som utelukker muligheten for raskt innbrudd og beskytter utstillingsvinduer mot vandalisme og er dermed effektive beskyttelsesmidler for \u00e5 \u00f8ke sikkerheten b\u00e5de hjemme eller p\u00e5 kontoret. Ved mindre \u00e5pninger bruker vi sikkerhetsrullegardiner som produseres av polyuretanfylt aluminiumprofil og som er egnet til \u00e5pninger med bredde opptil 4 m. Ved st\u00f8rre \u00e5pninger bruker [&hellip;]<\/p>\n","protected":false},"author":1,"featured_media":0,"parent":13,"menu_order":4,"comment_status":"closed","ping_status":"open","template":"","meta":[],"_links":{"self":[{"href":"https:\/\/www.aknakate.ee\/no\/wp-json\/wp\/v2\/pages\/20"}],"collection":[{"href":"https:\/\/www.aknakate.ee\/no\/wp-json\/wp\/v2\/pages"}],"about":[{"href":"https:\/\/www.aknakate.ee\/no\/wp-json\/wp\/v2\/types\/page"}],"author":[{"embeddable":true,"href":"https:\/\/www.aknakate.ee\/no\/wp-json\/wp\/v2\/users\/1"}],"replies":[{"embeddable":true,"href":"https:\/\/www.aknakate.ee\/no\/wp-json\/wp\/v2\/comments?post=20"}],"version-history":[{"count":0,"href":"https:\/\/www.aknakate.ee\/no\/wp-json\/wp\/v2\/pages\/20\/revisions"}],"up":[{"embeddable":true,"href":"https:\/\/www.aknakate.ee\/no\/wp-json\/wp\/v2\/pages\/13"}],"wp:attachment":[{"href":"https:\/\/www.aknakate.ee\/no\/wp-json\/wp\/v2\/media?parent=20"}],"curies":[{"name":"wp","href":"https:\/\/api.w.org\/{rel}","templated":true}]}}