{"id":18,"date":"2011-12-20T19:03:18","date_gmt":"2011-12-20T19:03:18","guid":{"rendered":"\/?page_id=18"},"modified":"2025-01-29T17:24:15","modified_gmt":"2025-01-29T17:24:15","slug":"persienner","status":"publish","type":"page","link":"https:\/\/www.aknakate.ee\/no\/produkter\/persienner\/","title":{"rendered":"Persienner"},"content":{"rendered":"<h1>Velg en som passer til deg<\/h1>\n<table width=\"300\" border=\"0\">\n<tr>\n<td><b>Aluminiumspersienner<\/b><\/td>\n<td><a href=\"\/no\/produkter\/persienner\/trepersienner\">Trepersienner<\/a><\/td>\n<\/tr>\n<\/table>\n<div id=\"featured\">\n<ul id=\"images-slider\">\n<li><img loading=\"lazy\" alt=\"Tekstiilruloo\" src=\"https:\/\/www.aknakate.ee\/wp-content\/uploads\/2023\/06\/44.jpg\" width=\"600\" height=\"504\"><\/li>\n<li><img loading=\"lazy\" alt=\"Tekstiilruloo\" src=\"https:\/\/www.aknakate.ee\/wp-content\/uploads\/2023\/06\/55.jpg\" width=\"600\" height=\"504\"><\/li>\n<li><img loading=\"lazy\" alt=\"Tekstiilruloo\" src=\"https:\/\/www.aknakate.ee\/wp-content\/uploads\/2023\/06\/66.jpg\" width=\"600\" height=\"504\"><\/li>\n<li><img loading=\"lazy\" alt=\"Tekstiilruloo\" src=\"https:\/\/www.aknakate.ee\/wp-content\/uploads\/2023\/06\/77.jpg\" width=\"600\" height=\"504\"><\/li>\n<\/ul>\n<ul id=\"slider-cycle-nav\">\n<li><a id=\"cycle-prev\"><\/a><\/li>\n<li><a id=\"cycle-next\"><\/a><\/li>\n<\/ul>\n<\/div>\n<p>Aluminiumspersienner passer til ethvert rom og meget praktiske og bekvemme midler for \u00e5 endre lysretning. Persienner fremstilles av h\u00f8ykvalitets pulverlakkert aluminium (tykkelse 0,21 mm). Aluminiumspersienner kan ogs\u00e5 brukes i fuktige omgivelser. Ribbenes lakkering er antistatisk og samler ikke st\u00f8v. V\u00e5rt produktutvalg omfatter flere enn 100 produkter med ulik farge og overflatebehandling.<\/p>\n<p>Ribbenes bredder er 16, 25, 35 og 50mm. Bredden til persienner med snor er 25mm.<br \/>\nSt\u00f8rste mulig dimensjon til persienner er 300 x 300 cm.<\/p>\n<p>Aluminiumspersienner fremstilles etter m\u00e5l som er angitt av kunden.<\/p>\n<h1>Fargeutvalg<\/h1>\n<p><a href=\"https:\/\/www.aknakate.ee\/catalogue-venetian\/\" target=\"_blank\" rel=\"noopener\">Se stor utt<\/a><br \/>\n<iframe loading=\"lazy\" width=\"930\" height=\"500\" src=\"https:\/\/www.aknakate.ee\/catalogue-venetian\/\"><\/iframe><\/p>\n","protected":false},"excerpt":{"rendered":"<p>Velg en som passer til deg Aluminiumspersienner Trepersienner Aluminiumspersienner passer til ethvert rom og meget praktiske og bekvemme midler for \u00e5 endre lysretning. Persienner fremstilles av h\u00f8ykvalitets pulverlakkert aluminium (tykkelse 0,21 mm). Aluminiumspersienner kan ogs\u00e5 brukes i fuktige omgivelser. Ribbenes lakkering er antistatisk og samler ikke st\u00f8v. V\u00e5rt produktutvalg omfatter flere enn 100 produkter med [&hellip;]<\/p>\n","protected":false},"author":1,"featured_media":0,"parent":13,"menu_order":3,"comment_status":"closed","ping_status":"open","template":"","meta":[],"_links":{"self":[{"href":"https:\/\/www.aknakate.ee\/no\/wp-json\/wp\/v2\/pages\/18"}],"collection":[{"href":"https:\/\/www.aknakate.ee\/no\/wp-json\/wp\/v2\/pages"}],"about":[{"href":"https:\/\/www.aknakate.ee\/no\/wp-json\/wp\/v2\/types\/page"}],"author":[{"embeddable":true,"href":"https:\/\/www.aknakate.ee\/no\/wp-json\/wp\/v2\/users\/1"}],"replies":[{"embeddable":true,"href":"https:\/\/www.aknakate.ee\/no\/wp-json\/wp\/v2\/comments?post=18"}],"version-history":[{"count":5,"href":"https:\/\/www.aknakate.ee\/no\/wp-json\/wp\/v2\/pages\/18\/revisions"}],"predecessor-version":[{"id":1256,"href":"https:\/\/www.aknakate.ee\/no\/wp-json\/wp\/v2\/pages\/18\/revisions\/1256"}],"up":[{"embeddable":true,"href":"https:\/\/www.aknakate.ee\/no\/wp-json\/wp\/v2\/pages\/13"}],"wp:attachment":[{"href":"https:\/\/www.aknakate.ee\/no\/wp-json\/wp\/v2\/media?parent=18"}],"curies":[{"name":"wp","href":"https:\/\/api.w.org\/{rel}","templated":true}]}}