{"id":13,"date":"2011-12-20T19:00:39","date_gmt":"2011-12-20T19:00:39","guid":{"rendered":"\/?page_id=6"},"modified":"2011-12-20T19:00:39","modified_gmt":"2011-12-20T19:00:39","slug":"produkter","status":"publish","type":"page","link":"https:\/\/www.aknakate.ee\/no\/produkter\/","title":{"rendered":"Produkter"},"content":{"rendered":"<div class=\"one-third\">\n<a href=\"\/no\/produkter\/rullegardiner\"><img loading=\"lazy\" class=\"box-img\" src=\"\/wp-content\/uploads\/2011\/12\/Rulookardinad.jpg\" width=\"280\" height=\"150\" alt=\"Rullegardiner\" \/><\/a><br \/>\n<a href=\"\/no\/produkter\/rullegardiner\"><b>Rullegardiner<\/b><\/a><\/p>\n<p>Rullegardiner er vindusdekker som enkle \u00e5 montere og har et godt utseende.<\/p>\n<p><a class=\"button\" href=\"\/no\/produkter\/rullegardiner\">Se n\u00e6rmere<\/a>\n<\/div>\n<div class=\"one-third\">\n<a href=\"\/no\/produkter\/vertikale-lamellgardiner\"><img loading=\"lazy\" class=\"box-img\" src=\"\/wp-content\/uploads\/2011\/12\/Pystlamellid2.jpg\" width=\"280\" height=\"150\" alt=\"Vertikale lamellgardiner\" \/><\/a><br \/>\n<a href=\"\/no\/produkter\/vertikale-lamellgardiner\"><b>Vertikale lamellgardiner<\/b><\/a><\/p>\n<p>Vertikale lamellgardiner er en praktisk og komfortabel l\u00f8sning b\u00e5de hjemme eller p\u00e5 kontoret.<\/p>\n<p><a class=\"button\" href=\"\/no\/produkter\/vertikale-lamellgardiner\">Se n\u00e6rmere<\/a>\n<\/div>\n<div class=\"one-third last\">\n<a href=\"\/no\/produkter\/persienner\"><img loading=\"lazy\" class=\"box-img\" src=\"\/wp-content\/uploads\/2011\/12\/Ribakardinad.jpg\" width=\"280\" height=\"150\" alt=\"Persienner\" \/><\/a><br \/>\n<a href=\"\/no\/produkter\/persienner\"><b>Persienner<\/b><\/a><\/p>\n<p>Persienner er praktiske og bekvemme midler til \u00e5 gi retning til lyset.<\/p>\n<p><a class=\"button\" href=\"\/no\/produkter\/persienner\">Se n\u00e6rmere<\/a>\n<\/div>\n<div class=\"one-third\">\n<a href=\"\/no\/produkter\/sikkerhetsgardiner\"><img loading=\"lazy\" class=\"box-img\" src=\"\/wp-content\/uploads\/2011\/12\/Turvakardinad.jpg\" width=\"280\" height=\"150\" alt=\"Sikkerhetsgardiner\" \/><\/a><br \/>\n<a href=\"\/no\/produkter\/sikkerhetsgardiner\"><b>Sikkerhetsgardiner<\/b><\/a><\/p>\n<p>Sikkerhetsgardiner er ett av dagens mest effektive midler for beskyttelse mot vandalisme og innbrudd.<\/p>\n<p><a class=\"button\" href=\"\/no\/produkter\/sikkerhetsgardiner\">Se n\u00e6rmere<\/a>\n<\/div>\n<div class=\"one-third\">\n<a href=\"\/no\/produkter\/markiser\"><img loading=\"lazy\" class=\"box-img\" src=\"\/wp-content\/uploads\/2011\/12\/Terassikatted.jpg\" width=\"280\" height=\"150\" alt=\"Terrassemarkiser\" \/><\/a><br \/>\n<a href=\"\/no\/produkter\/markiser\"><b>Terrassemarkiser<\/b><\/a><\/p>\n<p>Terrassemarkiser hjelper til \u00e5 beskytte terrasser mot v\u00e6rforhold.<\/p>\n<p><a class=\"button\" href=\"\/no\/produkter\/markiser\">Se n\u00e6rmere<\/a>\n<\/div>\n<div class=\"one-third last\">\n<a href=\"\/no\/produkter\/insektsnett\"><img loading=\"lazy\" class=\"box-img\" src=\"\/wp-content\/uploads\/2011\/12\/Saasevorgud.jpg\" width=\"280\" height=\"150\" alt=\"Insektsnett\" \/><\/a><br \/>\n<a href=\"\/no\/produkter\/insektsnett\"><b>Insektsnett<\/b><\/a><\/p>\n<p>Insektsnett er en effektiv beskyttelse mot ubehagelige og irriterende insekter.<\/p>\n<p><a class=\"button\" href=\"\/no\/produkter\/insektsnett\">Se n\u00e6rmere<\/a>\n<\/div>\n<div class=\"clear\"><\/div>\n","protected":false},"excerpt":{"rendered":"<p>Rullegardiner Rullegardiner er vindusdekker som enkle \u00e5 montere og har et godt utseende. Se n\u00e6rmere Vertikale lamellgardiner Vertikale lamellgardiner er en praktisk og komfortabel l\u00f8sning b\u00e5de hjemme eller p\u00e5 kontoret. Se n\u00e6rmere Persienner Persienner er praktiske og bekvemme midler til \u00e5 gi retning til lyset. Se n\u00e6rmere Sikkerhetsgardiner Sikkerhetsgardiner er ett av dagens mest effektive [&hellip;]<\/p>\n","protected":false},"author":1,"featured_media":0,"parent":0,"menu_order":1,"comment_status":"closed","ping_status":"open","template":"template-full.php","meta":[],"_links":{"self":[{"href":"https:\/\/www.aknakate.ee\/no\/wp-json\/wp\/v2\/pages\/13"}],"collection":[{"href":"https:\/\/www.aknakate.ee\/no\/wp-json\/wp\/v2\/pages"}],"about":[{"href":"https:\/\/www.aknakate.ee\/no\/wp-json\/wp\/v2\/types\/page"}],"author":[{"embeddable":true,"href":"https:\/\/www.aknakate.ee\/no\/wp-json\/wp\/v2\/users\/1"}],"replies":[{"embeddable":true,"href":"https:\/\/www.aknakate.ee\/no\/wp-json\/wp\/v2\/comments?post=13"}],"version-history":[{"count":0,"href":"https:\/\/www.aknakate.ee\/no\/wp-json\/wp\/v2\/pages\/13\/revisions"}],"wp:attachment":[{"href":"https:\/\/www.aknakate.ee\/no\/wp-json\/wp\/v2\/media?parent=13"}],"curies":[{"name":"wp","href":"https:\/\/api.w.org\/{rel}","templated":true}]}}