{"id":1440,"date":"2019-08-26T11:50:48","date_gmt":"2019-08-26T11:50:48","guid":{"rendered":"\/fi\/?page_id=1440"},"modified":"2019-08-26T11:50:48","modified_gmt":"2019-08-26T11:50:48","slug":"nayttamoverhot","status":"publish","type":"page","link":"https:\/\/www.aknakate.ee\/fi\/referenssit\/nayttamoverhot\/","title":{"rendered":"N\u00e4ytt\u00e4m\u00f6verhot"},"content":{"rendered":"<p><a href=\"\/fi\/referenssit\" style=\"font-size:12px\">Referenssit<\/a> \u00bb N\u00e4ytt\u00e4m\u00f6verhot<\/p>\n<h2>N\u00e4ytt\u00e4m\u00f6verhot<\/h2>\n<div id=\"references\">\n<div id=\"gallery-1\" class=\"gallery galleryid-4980 gallery-columns-5 gallery-size-thumbnail\">\n<dl class=\"gallery-item\">\n<dt class=\"gallery-icon landscape\">\n\t\t\t\t<a href=\"\/wp-content\/uploads\/2018\/01\/39.jpg\" rel=\"prettyPhoto[references]\"><img loading=\"lazy\" width=\"150\" height=\"150\" src=\"\/wp-content\/uploads\/2018\/01\/39-150x150.jpg\" class=\"attachment-thumbnail\" alt=\"39\"><\/a>\n\t\t\t<\/dt>\n<\/dl>\n<dl class=\"gallery-item\">\n<dt class=\"gallery-icon landscape\">\n\t\t\t\t<a href=\"\/wp-content\/uploads\/2018\/01\/40.jpg\" rel=\"prettyPhoto[references]\"><img loading=\"lazy\" width=\"150\" height=\"150\" src=\"\/wp-content\/uploads\/2018\/01\/40-150x150.jpg\" class=\"attachment-thumbnail\" alt=\"40\"><\/a>\n\t\t\t<\/dt>\n<\/dl>\n<dl class=\"gallery-item\">\n<dt class=\"gallery-icon landscape\">\n\t\t\t\t<a href=\"\/wp-content\/uploads\/2018\/01\/19866441_1590046807733312_1985378030_n.jpg\" rel=\"prettyPhoto[references]\"><img loading=\"lazy\" width=\"150\" height=\"150\" src=\"\/wp-content\/uploads\/2018\/01\/19866441_1590046807733312_1985378030_n-150x150.jpg\" class=\"attachment-thumbnail\" alt=\"19866441_1590046807733312_1985378030_n\"><\/a>\n\t\t\t<\/dt>\n<\/dl>\n<dl class=\"gallery-item\">\n<dt class=\"gallery-icon landscape\">\n\t\t\t\t<a href=\"\/wp-content\/uploads\/2018\/01\/IMG_4928.jpg\" rel=\"prettyPhoto[references]\"><img loading=\"lazy\" width=\"150\" height=\"150\" src=\"\/wp-content\/uploads\/2018\/01\/IMG_4928-150x150.jpg\" class=\"attachment-thumbnail\" alt=\"IMG_4928\"><\/a>\n\t\t\t<\/dt>\n<\/dl>\n<dl class=\"gallery-item\">\n<dt class=\"gallery-icon landscape\">\n\t\t\t\t<a href=\"\/wp-content\/uploads\/2018\/01\/IMG_6602.jpg\" rel=\"prettyPhoto[references]\"><img loading=\"lazy\" width=\"150\" height=\"150\" src=\"\/wp-content\/uploads\/2018\/01\/IMG_6602-150x150.jpg\" class=\"attachment-thumbnail\" alt=\"IMG_6602\"><\/a>\n\t\t\t<\/dt>\n<\/dl>\n<p><br style=\"clear: both\"><\/p>\n<dl class=\"gallery-item\">\n<dt class=\"gallery-icon landscape\">\n\t\t\t\t<a href=\"\/wp-content\/uploads\/2018\/01\/IMG_6910.jpg\" rel=\"prettyPhoto[references]\"><img loading=\"lazy\" width=\"150\" height=\"150\" src=\"\/wp-content\/uploads\/2018\/01\/IMG_6910-150x150.jpg\" class=\"attachment-thumbnail\" alt=\"IMG_6910\"><\/a>\n\t\t\t<\/dt>\n<\/dl>\n<dl class=\"gallery-item\">\n<dt class=\"gallery-icon landscape\">\n\t\t\t\t<a href=\"\/wp-content\/uploads\/2018\/01\/Pilt-Rainer.jpg\" rel=\"prettyPhoto[references]\"><img loading=\"lazy\" width=\"150\" height=\"150\" src=\"\/wp-content\/uploads\/2018\/01\/Pilt-Rainer-150x150.jpg\" class=\"attachment-thumbnail\" alt=\"Pilt Rainer\"><\/a>\n\t\t\t<\/dt>\n<\/dl>\n<dl class=\"gallery-item\">\n<dt class=\"gallery-icon landscape\">\n\t\t\t\t<a href=\"\/wp-content\/uploads\/2018\/08\/IMG_0435.jpg\" rel=\"prettyPhoto[references]\"><img loading=\"lazy\" width=\"150\" height=\"150\" src=\"\/wp-content\/uploads\/2018\/08\/IMG_0435-150x150.jpg\" class=\"attachment-thumbnail\" alt=\"IMG_0435\"><\/a>\n\t\t\t<\/dt>\n<\/dl>\n<dl class=\"gallery-item\">\n<dt class=\"gallery-icon landscape\">\n\t\t\t\t<a href=\"\/wp-content\/uploads\/2018\/08\/IMG_8101.jpg\" rel=\"prettyPhoto[references]\"><img loading=\"lazy\" width=\"150\" height=\"150\" src=\"\/wp-content\/uploads\/2018\/08\/IMG_8101-150x150.jpg\" class=\"attachment-thumbnail\" alt=\"IMG_8101\"><\/a>\n\t\t\t<\/dt>\n<\/dl>\n<dl class=\"gallery-item\">\n<dt class=\"gallery-icon landscape\">\n\t\t\t\t<a href=\"\/wp-content\/uploads\/2018\/08\/IMG_8103.jpg\" rel=\"prettyPhoto[references]\"><img loading=\"lazy\" width=\"150\" height=\"150\" src=\"\/wp-content\/uploads\/2018\/08\/IMG_8103-150x150.jpg\" class=\"attachment-thumbnail\" alt=\"IMG_8103\"><\/a>\n\t\t\t<\/dt>\n<\/dl>\n<p><br style=\"clear: both\"><\/p>\n<dl class=\"gallery-item\">\n<dt class=\"gallery-icon landscape\">\n\t\t\t\t<a href=\"\/wp-content\/uploads\/2019\/05\/IMG_3327.jpg\" rel=\"prettyPhoto[references]\"><img loading=\"lazy\" width=\"150\" height=\"150\" src=\"\/wp-content\/uploads\/2019\/05\/IMG_3327-150x150.jpg\" class=\"attachment-thumbnail\" alt=\"IMG_3327\"><\/a>\n\t\t\t<\/dt>\n<\/dl>\n<dl class=\"gallery-item\">\n<dt class=\"gallery-icon landscape\">\n\t\t\t\t<a href=\"\/wp-content\/uploads\/2019\/05\/IMG_5972.jpg\" rel=\"prettyPhoto[references]\"><img loading=\"lazy\" width=\"150\" height=\"150\" src=\"\/wp-content\/uploads\/2019\/05\/IMG_5972-150x150.jpg\" class=\"attachment-thumbnail\" alt=\"IMG_5972\"><\/a>\n\t\t\t<\/dt>\n<\/dl>\n<dl class=\"gallery-item\">\n<dt class=\"gallery-icon landscape\">\n\t\t\t\t<a href=\"\/wp-content\/uploads\/2019\/05\/IMG_20190221_170137.jpg\" rel=\"prettyPhoto[references]\"><img loading=\"lazy\" width=\"150\" height=\"150\" src=\"\/wp-content\/uploads\/2019\/05\/IMG_20190221_170137-150x150.jpg\" class=\"attachment-thumbnail\" alt=\"IMG_20190221_170137\"><\/a>\n\t\t\t<\/dt>\n<\/dl>\n<dl class=\"gallery-item\">\n<dt class=\"gallery-icon landscape\">\n\t\t\t\t<a href=\"\/wp-content\/uploads\/2019\/05\/IMG_20190221_170241.jpg\" rel=\"prettyPhoto[references]\"><img loading=\"lazy\" width=\"150\" height=\"150\" src=\"\/wp-content\/uploads\/2019\/05\/IMG_20190221_170241-150x150.jpg\" class=\"attachment-thumbnail\" alt=\"IMG_20190221_170241\"><\/a>\n\t\t\t<\/dt>\n<\/dl>\n<p>\t\t\t<br style=\"clear: both\">\n\t\t<\/div>\n<\/div>\n","protected":false},"excerpt":{"rendered":"<p>Referenssit \u00bb N\u00e4ytt\u00e4m\u00f6verhot N\u00e4ytt\u00e4m\u00f6verhot<\/p>\n","protected":false},"author":1,"featured_media":0,"parent":1421,"menu_order":0,"comment_status":"closed","ping_status":"open","template":"template-full.php","meta":[],"_links":{"self":[{"href":"https:\/\/www.aknakate.ee\/fi\/wp-json\/wp\/v2\/pages\/1440"}],"collection":[{"href":"https:\/\/www.aknakate.ee\/fi\/wp-json\/wp\/v2\/pages"}],"about":[{"href":"https:\/\/www.aknakate.ee\/fi\/wp-json\/wp\/v2\/types\/page"}],"author":[{"embeddable":true,"href":"https:\/\/www.aknakate.ee\/fi\/wp-json\/wp\/v2\/users\/1"}],"replies":[{"embeddable":true,"href":"https:\/\/www.aknakate.ee\/fi\/wp-json\/wp\/v2\/comments?post=1440"}],"version-history":[{"count":0,"href":"https:\/\/www.aknakate.ee\/fi\/wp-json\/wp\/v2\/pages\/1440\/revisions"}],"up":[{"embeddable":true,"href":"https:\/\/www.aknakate.ee\/fi\/wp-json\/wp\/v2\/pages\/1421"}],"wp:attachment":[{"href":"https:\/\/www.aknakate.ee\/fi\/wp-json\/wp\/v2\/media?parent=1440"}],"curies":[{"name":"wp","href":"https:\/\/api.w.org\/{rel}","templated":true}]}}