{"id":1207,"date":"2019-07-21T19:27:05","date_gmt":"2019-07-21T19:27:05","guid":{"rendered":"\/fi\/?page_id=1207"},"modified":"2025-08-12T18:37:23","modified_gmt":"2025-08-12T18:37:23","slug":"moottoroidut-rullaverhot","status":"publish","type":"page","link":"https:\/\/www.aknakate.ee\/fi\/tuotteet\/rullaverhot\/moottoroidut-rullaverhot\/","title":{"rendered":"Moottoroidut rullaverhot"},"content":{"rendered":"<h1>Valitse itsellesi sopiva<\/h1>\n<table width=\"620\" border=\"0\" style=\"margin-bottom:20px\">\n<tbody>\n<tr>\n<td><a href=\"\/fi\/tuotteet\/rullaverhot\">Tekstiilirullaverhot<\/a><\/td>\n<td><a href=\"\/fi\/tuotteet\/rullaverhot\/kasettirullaverhot\">Kasettirullaverhot<\/a><\/td>\n<td><a href=\"\/fi\/tuotteet\/rullaverhot\/kattoikkunan-rullaverho-skylight\">Kattoikkunan rullaverho Skylight<\/a><\/td>\n<\/tr>\n<tr>\n<td align=\"left\" style=\"text-align:left;padding-left:20px\"><a href=\"\/fi\/tuotteet\/rullaverhot\/day-and-night\">Day and Night<\/a><\/td>\n<td align=\"left\" style=\"text-align:left;padding-left: 20px\"><b>Moottoroidut rullaverhot<\/b><\/td>\n<td>&nbsp;<\/td>\n<td>&nbsp;<\/td>\n<\/tr>\n<\/tbody>\n<\/table>\n<div id=\"featured\">\n<ul id=\"images-slider\">\n<li>\n\t\t\t<img loading=\"lazy\" src=\"\/wp-content\/uploads\/2016\/10\/1.jpg\" width=\"600\" height=\"auto\" alt=\"Ruloo\" \/>\n\t\t<\/li>\n<li>\n\t\t\t<img loading=\"lazy\" src=\"\/wp-content\/uploads\/2016\/10\/2.jpg\" width=\"600\" height=\"auto\" alt=\"Ruloo\" \/>\n\t\t<\/li>\n<li>\n\t\t\t<img loading=\"lazy\" src=\"\/wp-content\/uploads\/2016\/10\/3.jpg\" width=\"600\" height=\"auto\" alt=\"Ruloo\" \/>\n\t\t<\/li>\n<\/ul>\n<ul id=\"slider-cycle-nav\">\n<li><a id=\"cycle-prev\"><\/a><\/li>\n<li><a id=\"cycle-next\"><\/a><\/li>\n<\/ul>\n<\/div>\n<div class=\"motorContent\">\n<h3>RTS-ohjaus<\/h3>\n<p><span class=\"subtitle\">Verhojen ja rullaverhojen automaattiseen ohjaamiseen<\/span><\/p>\n<p><h4>Paras mahdollinen mukavuus v\u00e4h\u00e4ll\u00e4 vaivalla<\/h4>\n<p>\tAsenna manuaalinen ohjaus Somfy RTS -kaukos\u00e4\u00e4timell\u00e4! Yksi nappulan painallus riitt\u00e4\u00e4 sulkemaan tai avaamaan verhot. Somfyn moottorit pident\u00e4v\u00e4t verhojen ja rullaverhojen k\u00e4ytt\u00f6ik\u00e4\u00e4 huomattavasti. Ohjaa verhoja ja rullaverhoja Somfyn tyylikk\u00e4\u00e4ll\u00e4 radiokaukos\u00e4\u00e4timell\u00e4 20 metrin* p\u00e4\u00e4st\u00e4! <br \/><span class=\"italic\">Radio Technology Somfyn (RTS) toiminta-alue on ulkona 200 metri\u00e4 ja sis\u00e4tiloissa 20 metri\u00e4 (kahden v\u00e4lisein\u00e4n l\u00e4pi).<\/span>\n<\/p>\n<ul>\n<li>\n\t\tOhjaa kaikkia verhoja ja rullaverhoja yhdess\u00e4 tai jokaista erikseen yhdell\u00e4 radiokaukos\u00e4\u00e4timell\u00e4!\n\t<\/li>\n<li>\n\t\tAvaa verhot nauttiaksesi p\u00e4iv\u00e4nvalosta tai s\u00e4\u00e4d\u00e4 s\u00e4lekaihtimen s\u00e4leiden kallistumaa niin, ett\u00e4 aurinko ei paista television tai tietokoneen ruudulle!\n\t<\/li>\n<\/ul>\n<p><h4>Valitse \u2013 t\u00e4ysautomatiikka!<\/h4>\n<p>\tOhjaaminen ajastimella \u2013 verhot avautuvat ja sulkeutuvat automaattisesti tiettyn\u00e4 kellonaikana, joka on ohjelmoitu aiemmin.<br \/>\n\tAurinkoanturi \u2013 sulkee verhot automaattisesti, kun auringonvalo ylitt\u00e4\u00e4 ohjelmoidun raja-arvon.<\/p>\n<p>\tNauti mukavuudesta, jota Somfyn moottorointiratkaisut tarjoavat! <\/p>\n<div class=\"one-fifth\"><img src=\"\/wp-content\/uploads\/2016\/10\/Thermosunis.jpg\" \/><\/div>\n<div class=\"half last\">\n<h4>Thermosunis Indoor WireFreeTM RTS<\/h4>\n<p>\n\t\tLangaton l\u00e4mp\u00f6tila- ja aurinkoanturi verhojen ohjaamiseen yhdess\u00e4 huoneessa.\n\t<\/p>\n<ul>\n<li>\n\t\t\tKes\u00e4ll\u00e4 \u2013 kun auringons\u00e4teet paistavat ikkunaan, verhot sulkeutuvat automaattisesti.\n\t\t<\/li>\n<li>\n\t\t\tTalvella \u2013 verhot avautuvat automaattisesti hy\u00f6dynt\u00e4en t\u00e4ysin auringon l\u00e4mm\u00f6n ja sulkeutuvat, kun huoneen ilma muuttuu liian l\u00e4mpim\u00e4ksi.\n\t\t<\/li>\n<\/ul>\n<\/div><div class=\"clear\"><\/div>\n<div class=\"one-fifth\"><img src=\"\/wp-content\/uploads\/2016\/10\/Centralis-Uno-RTS.jpg\" \/><\/div>\n<div class=\"half last\">\n<h4>Centralis Uno RTS<\/h4>\n<p>\n\t\tOlemassa olevan ohjausj\u00e4rjestelm\u00e4n muokkaamiseen Radio Technology Somfy\u00ae:\u00e4 varten.\n\t<\/p>\n<\/div><div class=\"clear\"><\/div>\n<div class=\"one-fifth\"><img src=\"\/wp-content\/uploads\/2016\/10\/Chronis-Smart-RTS.jpg\" \/><\/div>\n<div class=\"half last\">\n<h4>Chronis Smart RTS<\/h4>\n<p>\n\t\tRTS-sein\u00e4ajastin ohjaa verhoja ohjelmoituna aikana.\n\t<\/p>\n<\/div><div class=\"clear\"><\/div>\n<\/div>\n<div class=\"motorContent\">\n<h3>WireFree&trade;<\/h3>\n<p>\t<span class=\"subtitle\">Langattomat ratkaisut<\/span><\/p>\n<p><h4>Langaton asentaminen<\/h4>\n<p>\t\tWireFree-moottorien asentaminen ei vaadi johtojen vet\u00e4mist\u00e4 eik\u00e4 s\u00e4hk\u00f6alan osaamista. Moottori ei j\u00e4\u00e4 n\u00e4kyviin asennuksen j\u00e4lkeen!\n\t<\/p>\n<p><h4>Enemm\u00e4n kuin pelkk\u00e4 moottori<\/h4>\n<p>\t\tHelppo asennus \u2013 100 % langattomat Somfy WireFree -moottorit on kehitetty niin, ett\u00e4 niiden asennus olisi helppoa kaikissa sis\u00e4tiloissa, my\u00f6s niiss\u00e4 paikoissa, joihin ei ole tarkoitettu eik\u00e4 kytketty s\u00e4hk\u00f6\u00e4.\n\t<\/p>\n<p><h4>Pariston pitk\u00e4 k\u00e4ytt\u00f6ik\u00e4<\/h4>\n<p>\t\tSomfyn patentoidun teknologian ansiosta paristo toimii jopa 2 vuotta. Miten? Helposti! Laite ei kuluta s\u00e4hk\u00f6\u00e4 lepotilassa.\n\t<\/p>\n<p><h4>Vaihtoehdot<\/h4>\n<p>\t\t\u2022 Radio Technology Somfy (RTS)<br \/>\n\t\t\u2022 Infrapunaohjausj\u00e4rjestelm\u00e4\n\t<\/p>\n<\/div>\n","protected":false},"excerpt":{"rendered":"<p>Valitse itsellesi sopiva Tekstiilirullaverhot Kasettirullaverhot Kattoikkunan rullaverho Skylight Day and Night Moottoroidut rullaverhot &nbsp; &nbsp; RTS-ohjaus Verhojen ja rullaverhojen automaattiseen ohjaamiseen Paras mahdollinen mukavuus v\u00e4h\u00e4ll\u00e4 vaivalla Asenna manuaalinen ohjaus Somfy RTS -kaukos\u00e4\u00e4timell\u00e4! Yksi nappulan painallus riitt\u00e4\u00e4 sulkemaan tai avaamaan verhot. Somfyn moottorit pident\u00e4v\u00e4t verhojen ja rullaverhojen k\u00e4ytt\u00f6ik\u00e4\u00e4 huomattavasti. Ohjaa verhoja ja rullaverhoja Somfyn tyylikk\u00e4\u00e4ll\u00e4 radiokaukos\u00e4\u00e4timell\u00e4 [&hellip;]<\/p>\n","protected":false},"author":1,"featured_media":0,"parent":14,"menu_order":0,"comment_status":"closed","ping_status":"open","template":"","meta":[],"_links":{"self":[{"href":"https:\/\/www.aknakate.ee\/fi\/wp-json\/wp\/v2\/pages\/1207"}],"collection":[{"href":"https:\/\/www.aknakate.ee\/fi\/wp-json\/wp\/v2\/pages"}],"about":[{"href":"https:\/\/www.aknakate.ee\/fi\/wp-json\/wp\/v2\/types\/page"}],"author":[{"embeddable":true,"href":"https:\/\/www.aknakate.ee\/fi\/wp-json\/wp\/v2\/users\/1"}],"replies":[{"embeddable":true,"href":"https:\/\/www.aknakate.ee\/fi\/wp-json\/wp\/v2\/comments?post=1207"}],"version-history":[{"count":1,"href":"https:\/\/www.aknakate.ee\/fi\/wp-json\/wp\/v2\/pages\/1207\/revisions"}],"predecessor-version":[{"id":1706,"href":"https:\/\/www.aknakate.ee\/fi\/wp-json\/wp\/v2\/pages\/1207\/revisions\/1706"}],"up":[{"embeddable":true,"href":"https:\/\/www.aknakate.ee\/fi\/wp-json\/wp\/v2\/pages\/14"}],"wp:attachment":[{"href":"https:\/\/www.aknakate.ee\/fi\/wp-json\/wp\/v2\/media?parent=1207"}],"curies":[{"name":"wp","href":"https:\/\/api.w.org\/{rel}","templated":true}]}}