{"id":1200,"date":"2019-07-21T18:59:02","date_gmt":"2019-07-21T18:59:02","guid":{"rendered":"\/fi\/?page_id=1200"},"modified":"2025-08-12T18:37:13","modified_gmt":"2025-08-12T18:37:13","slug":"day-and-night","status":"publish","type":"page","link":"https:\/\/www.aknakate.ee\/fi\/tuotteet\/rullaverhot\/day-and-night\/","title":{"rendered":"Day and Night"},"content":{"rendered":"<h1>Valitse itsellesi sopiva<\/h1>\n<table width=\"620\" border=\"0\">\n<tbody>\n<tr>\n<td><a href=\"\/fi\/tuotteet\/rullaverhot\">Tekstiilirullaverhot<\/a><\/td>\n<td><a href=\"\/fi\/tuotteet\/rullaverhot\/kasettirullaverhot\">Kasettirullaverhot<\/a><\/td>\n<td><a href=\"\/fi\/tuotteet\/rullaverhot\/kattoikkunan-rullaverho-skylight\">Kattoikkunan rullaverho Skylight<\/a><\/td>\n<\/tr>\n<tr>\n<td align=\"left\" style=\"text-align:left;padding-left:20px\"><b>Day and Night<\/b><\/td>\n<td align=\"left\" style=\"text-align:left;padding-left: 20px\"><a href=\"\/fi\/tuotteet\/rullaverhot\/moottoroidut-rullaverhot\">Mottoroidut rullaverhot<\/a><\/td>\n<td>&nbsp;<\/td>\n<td>&nbsp;<\/td>\n<\/tr>\n<\/tbody>\n<\/table>\n<div id=\"featured\">\n<ul id=\"images-slider\">\n<li>\n\t\t\t<img src=\"\/wp-content\/uploads\/2017\/07\/Foto_3098__resize600.jpg\" alt=\"Katuseakna ruloo\" \/>\n\t\t<\/li>\n<li>\n<img src=\"\/wp-content\/uploads\/2017\/10\/Foto_3157__resize600.jpg\" \/>\n\t\t<\/li>\n<li>\n\t\t\t<img src=\"\/wp-content\/uploads\/2017\/07\/Foto_3175__resize600.jpg\" alt=\"Katuseakna ruloo\" \/>\n\t\t<\/li>\n<li>\n\t\t\t<img src=\"\/wp-content\/uploads\/2017\/07\/last.png\" alt=\"Katuseakna ruloo\" \/>\n\t\t<\/li>\n<\/ul>\n<ul id=\"slider-cycle-nav\">\n<li><a id=\"cycle-prev\"><\/a><\/li>\n<li><a id=\"cycle-next\"><\/a><\/li>\n<\/ul>\n<\/div>\n<p>Day and Night -rullaverhoja voi tilata sek\u00e4 tavallisena ett\u00e4 kasettirullaverhona. Rullaverhon kangas liikkuu kahtena p\u00e4\u00e4llekk\u00e4isen\u00e4 kerroksena, ketjusta voi liikuttaa l\u00e4pin\u00e4kyvi\u00e4 ja l\u00e4pin\u00e4kym\u00e4tt\u00f6mi\u00e4 raitoja toistensa suhteen ja s\u00e4\u00e4dell\u00e4 siten tarpeen mukaan sis\u00e4\u00e4n p\u00e4\u00e4sev\u00e4n valon m\u00e4\u00e4r\u00e4\u00e4.<\/p>\n<ul style=\"margin-left:20px;margin-bottom:20px\">\n<li>Uusi mahdollisuus s\u00e4\u00e4dell\u00e4 valoa rullaamatta rullaverhoa yl\u00f6s<\/li>\n<li>Voi k\u00e4ytt\u00e4\u00e4 sek\u00e4 rullaverhon ett\u00e4 kasettirullaverhon mekanismia<\/li>\n<li>Nykyaikainen verhoratkaisu, joka toimii kuin rullaverho ja korvaa samalla tylliverhon<\/li>\n<li>Kasettimekanismia voi k\u00e4ytt\u00e4\u00e4 my\u00f6s avattavassa ikkunassa<\/li>\n<li>Suuren kangasvalikoiman ansiosta verhon voi sovittaa kodin sisustukseen<\/li>\n<\/ul>\n<p><span style=\"font-weight:bold;color:#db7030\">Mist\u00e4 aloittaa, jos haluat hintatarjouksen tai tilata verhot?<\/span><\/p>\n<ul style=\"margin-left:20px;margin-bottom:20px\">\n<li>\nL\u00e4het\u00e4 meille ikkuna-aukon mitat\n<\/li>\n<li>\nKerro, haluatko verhon kasettirullaverho- vai rullaverhomekanismilla\n<\/li>\n<li>\nKerro, mihin haluat asentaa verhon (rullaverho ikkuna-aukon sis\u00e4\u00e4n vai p\u00e4\u00e4lle)\n<\/li>\n<li>\nValitse sopiva kangas\n<\/li>\n<li>\nJos et ole varma, miten ikkunaan voi asentaa verhon, lis\u00e4\u00e4 tiedusteluun kuva ikkunasta\n<\/li>\n<li>\nL\u00e4het\u00e4 tiedustelu\u00a0osoitteeseen <a style=\"font-size:12px\" href=\"mailto:info@aknakate.ee\" target=\"_blank\" rel=\"noopener\">info@aknakate.ee<\/a> ja odota vastausta \ud83d\ude09\n<\/li>\n<\/ul>\n<p><b>Tilauksen voi laatia liikkeess\u00e4mme. Jos sinulla ei ole aikaa, voit tilata verhot mukavasti kotoa poistumatta my\u00f6s netist\u00e4.<\/b><\/p>\n<h1>ASENNUSOHJEET<\/h1>\n<div class=\"two-thirds\">\n<p style=\"margin-bottom:20px\">\n<span style=\"font-weight:bold;color:#db7030;line-height:35px;vertical-align:top\">Day&amp;Night rullaverhon asennusohjeet<\/span> <a href=\"\/wp-content\/uploads\/2018\/12\/DN-ruloo-paigaldusjuhend.pdf\" style=\"margin-top:0px\" target=\"_new\" rel=\"noopener\"><img src=\"\/wp-content\/uploads\/2018\/11\/pdf_icon1.png\" style=\"width:30px;height:auto\"><\/a><br \/>\n<\/div>\n<h1>KASETTIRULLAVERHOJEN MEKANISMIN V\u00c4RI<\/h1>\n<div id=\"mechanismColorSelection\">\n<div class=\"coverMechanismColor blindsSample\">\n  <a rel=\"prettyPhoto[mehhanismi_varvid]\" href=\"\/wp-content\/uploads\/mechanism-colors\/RAL7001.jpg?v=1\" title=\"RAL7001 (hopea)\"><br \/>\n    <img src=\"\/wp-content\/uploads\/mechanism-colors\/RAL7001.jpg?v=1\" class=\"box-img\" alt=\"RAL7001 (hopea)\"><br \/>\n<span class=\"colorCode\">RAL7001<br \/>(hopea)<\/span><br \/>\n  <\/a>\n<\/div>\n<div class=\"coverMechanismColor blindsSample\">\n  <a rel=\"prettyPhoto[mehhanismi_varvid]\" href=\"\/wp-content\/uploads\/mechanism-colors\/RAL7012.jpg?v=1\" title=\"RAL7012 (harmaa)\"><br \/>\n    <img src=\"\/wp-content\/uploads\/mechanism-colors\/RAL7012.jpg?v=1\" class=\"box-img\" alt=\"RAL7012 (harmaa)\"><br \/>\n<span class=\"colorCode\">RAL7012<br \/>(harmaa)<\/span><br \/>\n  <\/a>\n<\/div>\n<div class=\"coverMechanismColor blindsSample\">\n  <a rel=\"prettyPhoto[mehhanismi_varvid]\" href=\"\/wp-content\/uploads\/mechanism-colors\/RAL7016.jpg?v=1\" title=\"RAL7016 (antratsiitti)\"><br \/>\n    <img src=\"\/wp-content\/uploads\/mechanism-colors\/RAL7016.jpg?v=1\" class=\"box-img\" alt=\"RAL7016 (antratsiitti)\"><br \/>\n<span class=\"colorCode\">RAL7016<br \/>(antratsiitti)<\/span><br \/>\n  <\/a>\n<\/div>\n<div class=\"coverMechanismColor blindsSample\">\n  <a rel=\"prettyPhoto[mehhanismi_varvid]\" href=\"\/wp-content\/uploads\/mechanism-colors\/RAL8017.jpg?v=1\" title=\"RAL8017 (ruskea)\"><br \/>\n    <img src=\"\/wp-content\/uploads\/mechanism-colors\/RAL8017.jpg?v=1\" class=\"box-img\" alt=\"RAL8017 (ruskea)\"><br \/>\n<span class=\"colorCode\">RAL8017<br \/>(ruskea)<\/span><br \/>\n  <\/a>\n<\/div>\n<div class=\"coverMechanismColor blindsSample\">\n  <a rel=\"prettyPhoto[mehhanismi_varvid]\" href=\"\/wp-content\/uploads\/mechanism-colors\/RAL9003.jpg?v=1\" title=\"RAL9003 (valkoinen)\"><br \/>\n    <img src=\"\/wp-content\/uploads\/mechanism-colors\/RAL9003.jpg?v=1\" class=\"box-img\" alt=\"RAL9003 (valkoinen)\"><br \/>\n<span class=\"colorCode\">RAL9003<br \/>(valkoinen)<\/span><br \/>\n  <\/a>\n<\/div>\n<\/div>\n<h1>RULLAVERHOJEN MEKANISMIN V\u00c4RI<\/h1>\n<div id=\"mechanismColorSelection\">\n<div class=\"coverMechanismColor blindsSample\">\n  <a rel=\"prettyPhoto[mehhanismi_varvid]\" href=\"\/wp-content\/uploads\/mechanism-colors\/RAL1013.jpg?v=1\" title=\"RAL1013 (beige)\"><br \/>\n    <img src=\"\/wp-content\/uploads\/mechanism-colors\/RAL1013.jpg?v=1\" class=\"box-img\" alt=\"RAL1013 (beige)\"><br \/>\n<span class=\"colorCode\">RAL1013<br \/>(beige)<\/span><br \/>\n  <\/a>\n<\/div>\n<div class=\"coverMechanismColor blindsSample\">\n  <a rel=\"prettyPhoto[mehhanismi_varvid]\" href=\"\/wp-content\/uploads\/mechanism-colors\/RAL7001.jpg?v=1\" title=\"RAL7001 (hopea)\"><br \/>\n    <img src=\"\/wp-content\/uploads\/mechanism-colors\/RAL7001.jpg?v=1\" class=\"box-img\" alt=\"RAL7001 (hopea)\"><br \/>\n<span class=\"colorCode\">RAL7001<br \/>(hopea)<\/span><br \/>\n  <\/a>\n<\/div>\n<div class=\"coverMechanismColor blindsSample\">\n  <a rel=\"prettyPhoto[mehhanismi_varvid]\" href=\"\/wp-content\/uploads\/mechanism-colors\/RAL7016.jpg?v=1\" title=\"RAL7016 (antrasiitti)\"><br \/>\n    <img src=\"\/wp-content\/uploads\/mechanism-colors\/RAL7016.jpg?v=1\" class=\"box-img\" alt=\"RAL7016 (antrasiitti)\"><br \/>\n<span class=\"colorCode\">RAL7016<br \/>(antrasiitti)<\/span><br \/>\n  <\/a>\n<\/div>\n<div class=\"coverMechanismColor blindsSample\">\n  <a rel=\"prettyPhoto[mehhanismi_varvid]\" href=\"\/wp-content\/uploads\/mechanism-colors\/RAL7035.jpg?v=1\" title=\"RAL7035 (harmaa)\"><br \/>\n    <img src=\"\/wp-content\/uploads\/mechanism-colors\/RAL7035.jpg?v=1\" class=\"box-img\" alt=\"RAL7035 (harmaa)\"><br \/>\n<span class=\"colorCode\">RAL7035<br \/>(harmaa)<\/span><br \/>\n  <\/a>\n<\/div>\n<div class=\"coverMechanismColor blindsSample\">\n  <a rel=\"prettyPhoto[mehhanismi_varvid]\" href=\"\/wp-content\/uploads\/mechanism-colors\/RAL8019.gif?v=1\" title=\"RAL8019 (ruskea)\"><br \/>\n    <img src=\"\/wp-content\/uploads\/mechanism-colors\/RAL8019.gif?v=1\" class=\"box-img\" alt=\"RAL8019 (ruskea)\"><br \/>\n<span class=\"colorCode\">RAL8019<br \/>(ruskea)<\/span><br \/>\n  <\/a>\n<\/div>\n<div class=\"coverMechanismColor blindsSample\">\n  <a rel=\"prettyPhoto[mehhanismi_varvid]\" href=\"\/wp-content\/uploads\/mechanism-colors\/RAL9003.jpg?v=1\" title=\"RAL9003 (valkoinen)\"><br \/>\n    <img src=\"\/wp-content\/uploads\/mechanism-colors\/RAL9003.jpg?v=1\" class=\"box-img\" alt=\"RAL9003 (valkoinen)\"><br \/>\n<span class=\"colorCode\">RAL9003<br \/>(valkoinen)<\/span><br \/>\n  <\/a>\n<\/div>\n<div class=\"coverMechanismColor blindsSample\">\n  <a rel=\"prettyPhoto[mehhanismi_varvid]\" href=\"\/wp-content\/uploads\/mechanism-colors\/RAL9005.jpg?v=1\" title=\"RAL9005 (musta)\"><br \/>\n    <img src=\"\/wp-content\/uploads\/mechanism-colors\/RAL9005.jpg?v=1\" class=\"box-img\" alt=\"RAL9005 (musta)\"><br \/>\n<span class=\"colorCode\">RAL9005<br \/>(musta)<\/span><br \/>\n  <\/a>\n<\/div>\n<\/div>\n<h1>V\u00c4RIVALIKOIMA<\/h1>\n<p><span style=\"font-weight:bold\">Kankaisiin voi tutustua my\u00f6s liikkeess\u00e4mme, osoitteessa Kakum\u00e4e tee 37, Tallinna.<\/span><\/p>\n<p>HUOM! Mallien s\u00e4vyt voivat poiketa todellisesta s\u00e4vyst\u00e4 monitorisi resoluutiosta ja tietokoneesi n\u00e4yt\u00f6nohjaimen mahdollisuuksista riippuen!<\/p>\n","protected":false},"excerpt":{"rendered":"<p>Valitse itsellesi sopiva Tekstiilirullaverhot Kasettirullaverhot Kattoikkunan rullaverho Skylight Day and Night Mottoroidut rullaverhot &nbsp; &nbsp; Day and Night -rullaverhoja voi tilata sek\u00e4 tavallisena ett\u00e4 kasettirullaverhona. Rullaverhon kangas liikkuu kahtena p\u00e4\u00e4llekk\u00e4isen\u00e4 kerroksena, ketjusta voi liikuttaa l\u00e4pin\u00e4kyvi\u00e4 ja l\u00e4pin\u00e4kym\u00e4tt\u00f6mi\u00e4 raitoja toistensa suhteen ja s\u00e4\u00e4dell\u00e4 siten tarpeen mukaan sis\u00e4\u00e4n p\u00e4\u00e4sev\u00e4n valon m\u00e4\u00e4r\u00e4\u00e4. Uusi mahdollisuus s\u00e4\u00e4dell\u00e4 valoa rullaamatta rullaverhoa [&hellip;]<\/p>\n","protected":false},"author":1,"featured_media":0,"parent":14,"menu_order":0,"comment_status":"closed","ping_status":"open","template":"","meta":[],"_links":{"self":[{"href":"https:\/\/www.aknakate.ee\/fi\/wp-json\/wp\/v2\/pages\/1200"}],"collection":[{"href":"https:\/\/www.aknakate.ee\/fi\/wp-json\/wp\/v2\/pages"}],"about":[{"href":"https:\/\/www.aknakate.ee\/fi\/wp-json\/wp\/v2\/types\/page"}],"author":[{"embeddable":true,"href":"https:\/\/www.aknakate.ee\/fi\/wp-json\/wp\/v2\/users\/1"}],"replies":[{"embeddable":true,"href":"https:\/\/www.aknakate.ee\/fi\/wp-json\/wp\/v2\/comments?post=1200"}],"version-history":[{"count":1,"href":"https:\/\/www.aknakate.ee\/fi\/wp-json\/wp\/v2\/pages\/1200\/revisions"}],"predecessor-version":[{"id":1705,"href":"https:\/\/www.aknakate.ee\/fi\/wp-json\/wp\/v2\/pages\/1200\/revisions\/1705"}],"up":[{"embeddable":true,"href":"https:\/\/www.aknakate.ee\/fi\/wp-json\/wp\/v2\/pages\/14"}],"wp:attachment":[{"href":"https:\/\/www.aknakate.ee\/fi\/wp-json\/wp\/v2\/media?parent=1200"}],"curies":[{"name":"wp","href":"https:\/\/api.w.org\/{rel}","templated":true}]}}