{"id":1649,"date":"2019-06-27T23:39:35","date_gmt":"2019-06-27T20:39:35","guid":{"rendered":"https:\/\/www.aknakate.ee\/en\/?page_id=1649"},"modified":"2022-06-30T20:48:07","modified_gmt":"2022-06-30T20:48:07","slug":"mosquito-nets-for-doors","status":"publish","type":"page","link":"https:\/\/www.aknakate.ee\/en\/products\/mosquito-nets\/mosquito-nets-for-doors\/","title":{"rendered":"Mosquito nets for doors"},"content":{"rendered":"<table style=\"margin-bottom: 10px\" width=\"500\" border=\"0\">\n<tbody>\n<tr>\n<td><a href=\"\/en\/products\/mosquito-nets\/\">Mosquito nets for window<\/a><\/td>\n<td><span style=\"font-weight:bold\">Mosquito nets for door<\/span><\/td>\n<\/tr>\n<\/tbody>\n<\/table>\n<div id=\"featured\">\n<ul id=\"images-slider\">\n<li>\n\t\t\t<img loading=\"lazy\" src=\"\/wp-content\/uploads\/2018\/11\/IMG_2876-2.jpg\" width=\"600\" height=\"504\" alt=\"S\u00e4\u00e4sev\u00f5rk\" \/>\n\t\t<\/li>\n<li>\n\t\t\t<img loading=\"lazy\" src=\"\/wp-content\/uploads\/2018\/11\/IMG_2877.jpg\" width=\"600\" height=\"504\" alt=\"S\u00e4\u00e4sev\u00f5rk\" \/>\n\t\t<\/li>\n<li>\n\t\t\t<img loading=\"lazy\" src=\"\/wp-content\/uploads\/2018\/11\/IMG_2878.jpg\" width=\"600\" height=\"504\" alt=\"S\u00e4\u00e4sev\u00f5rk\" \/>\n\t\t<\/li>\n<li>\n\t\t\t<img loading=\"lazy\" src=\"\/wp-content\/uploads\/2018\/11\/IMG_2879.jpg\" width=\"600\" height=\"504\" alt=\"S\u00e4\u00e4sev\u00f5rk\" \/>\n\t\t<\/li>\n<li>\n\t\t\t<img loading=\"lazy\" src=\"\/wp-content\/uploads\/2018\/11\/IMG_2880.jpg\" width=\"600\" height=\"504\" alt=\"S\u00e4\u00e4sev\u00f5rk\" \/>\n\t\t<\/li>\n<li>\n\t\t\t<img loading=\"lazy\" src=\"\/wp-content\/uploads\/2018\/11\/moskitiery-6big.jpg\" width=\"600\" height=\"504\" alt=\"S\u00e4\u00e4sev\u00f5rk\" \/>\n\t\t<\/li>\n<li>\n\t\t\t<img loading=\"lazy\" src=\"\/wp-content\/uploads\/2018\/11\/moskitiery-8big2.jpg\" width=\"600\" height=\"504\" alt=\"S\u00e4\u00e4sev\u00f5rk\" \/>\n\t\t<\/li>\n<\/ul>\n<ul id=\"slider-cycle-nav\" style=\"z-index: 99\">\n<li><a id=\"cycle-prev\"><\/a><\/li>\n<li><a id=\"cycle-next\"><\/a><\/li>\n<\/ul>\n<\/div>\n<p style=\"padding-top:20px;\">\nInsect screen are effective in protecting against unpleasant and annoying insects. Attached to the frame of a door, the mosquito net forms an effective filter between the environment (dust, debris, insects) and the room. Water, sun, or grease will not harm the net, but birds that are pecking on the food particles or seeds left on the net may damage it. Therefore, we recommend washing the net a few times a year (autumn and spring).\n<\/p>\n<div class=\"pleatedTypes\">\n<div class=\"pleatedBlind blindsSample\">\n  <a rel=\"prettyPhoto[saasevork]\" href=\"\/wp-content\/uploads\/mosquito-nets\/saasevorgu-uks-hingedel.png\" title=\"Hinged insect screen door\"><br \/>\n    <img src=\"\/wp-content\/uploads\/mosquito-nets\/saasevorgu-uks-hingedel-thumb.jpg\" class=\"box-img\" alt=\"Hinged insect screen door\"><br \/>\n<span class=\"colorCode\">Hinged insect screen door<\/span><br \/>\n  <\/a>\n<\/div>\n<div class=\"pleatedBlind blindsSample\">\n  <a rel=\"prettyPhoto[saasevork]\" href=\"\/wp-content\/uploads\/mosquito-nets\/saasevorgu-uks-raamiga.png\" title=\"Insect screen door with a frame\"><br \/>\n    <img src=\"\/wp-content\/uploads\/mosquito-nets\/saasevorgu-uks-raamiga-thumb.jpg\" class=\"box-img\" alt=\"Insect screen door with a frame\"><br \/>\n<span class=\"colorCode\">Insect screen door with a frame<\/span><br \/>\n  <\/a>\n<\/div>\n<div class=\"pleatedBlind blindsSample\">\n  <a rel=\"prettyPhoto[saasevork]\" href=\"\/wp-content\/uploads\/mosquito-nets\/voldiksaasevork.jpg\" title=\"Pleated insect screen\"><br \/>\n    <img src=\"\/wp-content\/uploads\/mosquito-nets\/voldiksaasevork-thumb.jpg\" class=\"box-img\" alt=\"Pleated insect screen\"><br \/>\n<span>Pleated insect screen<\/span><br \/>\n  <\/a>\n<\/div>\n<\/div>\n<p><b>Hinged insect screen door<\/b> is a simple and affordable solution that is mounted directly to the door frame with screws. Maximum dimension (width x height): 120 x 230 cm; minimum 50 x 100 cm<br \/>\n<b>Insect screen door with a frame<\/b> can be attached to any opening according to your preference. The door works with a magnet that is with a self-closing system when pushed.<br \/>\nMaximum dimension (width x height): 130 x 230 cm; minimum 50 x 100 cm<br \/>\n<b>Pleated insect screen<\/b> is an ideal solution for places where large glass doors are used, for example, for terraces. The aluminium frame in which the net moves is installed either inside or on top of the doorway, depending on how the house is constructed (therefore, it would be advisable to send us a photo of the door on which the mosquito net will be installed). In the case of a pleated insect screen, it is possible to choose between two systems according to the specificity of the door \u2013 either the doors of the mosquito net move to stack to the centre or stack on one side. When folded, the folded part will hide inside the frame, taking minimal space. Maximum dimension (width x height): 380 x 260 cm<br \/>\nThere are three colors for mosquito net frame: white, brown and anthracite<br \/>\n<span style=\"font-weight:bold;color:#db7030\">Where to start from if you want a quote or would like to order mosquito nets?<\/span><\/p>\n<ul style=\"margin-left:20px;margin-bottom:20px\">\n<li>\nSend us the dimensions of your door frame\n<\/li>\n<li>\nDescribe which door mechanism you would like to use (hinged mechanism, with frame, or a pleated system)\n<\/li>\n<li>\nIf you have any doubts about how the mosquito net can be mounted on your door, add a picture of your door to the query\n<\/li>\n<li>\nSend us a request for a quote at <a style=\"font-size:12px\" href=\"mailto:info@aknakate.ee\" target=\"_blank\" rel=\"noopener\">info@aknakate.ee<\/a> and wait for a reply \ud83d\ude09\n<\/li>\n<\/ul>\n<p><b>The order can be placed in our factory studio but if you do not have time, you can order the curtains online without leaving the comfort of your home.<\/b><\/p>\n<h1>Measuring and installation instructions<\/h1>\n<div class=\"two-third last\">\n\n<!-- YouTube Embed v5.2.2 -->\n<div class=\"youtube-embed\" itemprop=\"video\" itemscope itemtype=\"https:\/\/schema.org\/VideoObject\">\n\t<meta itemprop=\"url\" content=\"https:\/\/www.youtube.com\/v\/0nd0_yIkXAY\" \/>\n\t<meta itemprop=\"name\" content=\"Mosquito nets for doors\" \/>\n\t<meta itemprop=\"description\" content=\"Mosquito nets for doors\" \/>\n\t<meta itemprop=\"uploadDate\" content=\"2019-06-27T23:39:35+00:00\" \/>\n\t<meta itemprop=\"thumbnailUrl\" content=\"https:\/\/i.ytimg.com\/vi\/0nd0_yIkXAY\/default.jpg\" \/>\n\t<meta itemprop=\"embedUrl\" content=\"https:\/\/www.youtube.com\/embed\/0nd0_yIkXAY\" \/>\n\t<meta itemprop=\"height\" content=\"270\" \/>\n\t<meta itemprop=\"width\" content=\"480\" \/>\n\t<iframe style=\"border: 0;\" class=\"youtube-player\" width=\"480\" height=\"270\" src=\"https:\/\/www.youtube.com\/embed\/0nd0_yIkXAY\" allowfullscreen><\/iframe>\n<\/div>\n<!-- End of YouTube Embed code. Generated in 0.00165 seconds -->\n\n<\/div><div class=\"clear\"><\/div>\n<div class=\"two-third last\">\n<p style=\"margin-bottom:20px\">\n<a href=\"https:\/\/www.aknakate.ee\/wp-content\/uploads\/2018\/11\/Voldiksaasevorgu-paigaldusjuhend.pdf\" style=\"margin-top:0px\" target=\"_new\" rel=\"noopener\"><img src=\"https:\/\/www.aknakate.ee\/wp-content\/uploads\/2018\/11\/pdf_icon1.png\" style=\"width:30px;height:auto\"> Installation Guide<\/a>\n<\/p>\n<\/div><div class=\"clear\"><\/div>\n","protected":false},"excerpt":{"rendered":"<p>Mosquito nets for window Mosquito nets for door Insect screen are effective in protecting against unpleasant and annoying insects. Attached to the frame of a door, the mosquito net forms an effective filter between the environment (dust, debris, insects) and the room. Water, sun, or grease will not harm the net, but birds that are [&hellip;]<\/p>\n","protected":false},"author":1,"featured_media":0,"parent":24,"menu_order":0,"comment_status":"closed","ping_status":"open","template":"","meta":[],"_links":{"self":[{"href":"https:\/\/www.aknakate.ee\/en\/wp-json\/wp\/v2\/pages\/1649"}],"collection":[{"href":"https:\/\/www.aknakate.ee\/en\/wp-json\/wp\/v2\/pages"}],"about":[{"href":"https:\/\/www.aknakate.ee\/en\/wp-json\/wp\/v2\/types\/page"}],"author":[{"embeddable":true,"href":"https:\/\/www.aknakate.ee\/en\/wp-json\/wp\/v2\/users\/1"}],"replies":[{"embeddable":true,"href":"https:\/\/www.aknakate.ee\/en\/wp-json\/wp\/v2\/comments?post=1649"}],"version-history":[{"count":3,"href":"https:\/\/www.aknakate.ee\/en\/wp-json\/wp\/v2\/pages\/1649\/revisions"}],"predecessor-version":[{"id":2062,"href":"https:\/\/www.aknakate.ee\/en\/wp-json\/wp\/v2\/pages\/1649\/revisions\/2062"}],"up":[{"embeddable":true,"href":"https:\/\/www.aknakate.ee\/en\/wp-json\/wp\/v2\/pages\/24"}],"wp:attachment":[{"href":"https:\/\/www.aknakate.ee\/en\/wp-json\/wp\/v2\/media?parent=1649"}],"curies":[{"name":"wp","href":"https:\/\/api.w.org\/{rel}","templated":true}]}}